{"id":396,"date":"2023-08-14T14:15:14","date_gmt":"2023-08-14T14:15:14","guid":{"rendered":"https:\/\/condescending-swirles.202-61-201-70.plesk.page\/o-nas\/"},"modified":"2023-08-31T14:45:20","modified_gmt":"2023-08-31T14:45:20","slug":"o-nas","status":"publish","type":"page","link":"https:\/\/condescending-swirles.202-61-201-70.plesk.page\/pl\/o-nas\/","title":{"rendered":"O nas"},"content":{"rendered":"<section class=\"l-section wpb_row height_custom color_primary with_img with_shape\"><div class=\"l-section-img\" role=\"img\" data-img-width=\"2419\" data-img-height=\"1609\" style=\"background-image: url(https:\/\/condescending-swirles.202-61-201-70.plesk.page\/wp-content\/uploads\/2023\/08\/raw-new-york-or-striploin-beef-meat-steak-with-ros-2022-03-25-17-52312317-30-utc.jpg);\"><\/div><div class=\"l-section-overlay\" style=\"background:rgba(0,0,0,0.40)\"><\/div><div class=\"l-section-shape type_wave pos_bottom\" style=\"height:8vmax;\"><svg xmlns=\"http:\/\/www.w3.org\/2000\/svg\" viewBox=\"0 4 64 4\" preserveAspectRatio=\"none\" width=\"100%\" height=\"100%\">\r\n\t<path fill=\"currentColor\" d=\"M64 6 C32 0 32 12 0 6 L0 8 L64 8 Z\"\/>\r\n<\/svg><\/div><div class=\"l-section-h i-cf\"><div class=\"g-cols vc_row via_grid cols_1 laptops-cols_inherit tablets-cols_inherit mobiles-cols_1 valign_top type_default stacking_default\"><div class=\"wpb_column vc_column_container\"><div class=\"vc_column-inner\"><h1 class=\"w-text us_custom_34aef4c0\"><span url class=\"w-text-h\"><span class=\"w-text-value\">O nas<\/span><\/span><\/h1><div class=\"w-separator size_custom\" style=\"height:8vmax\"><\/div><\/div><\/div><\/div><\/div><\/section><section class=\"l-section wpb_row height_large with_shape\" id=\"section-02\"><div class=\"l-section-shape type_wave pos_bottom\" style=\"height:5vmin;color:var(--color-content-primary)\"><svg xmlns=\"http:\/\/www.w3.org\/2000\/svg\" viewBox=\"0 4 64 4\" preserveAspectRatio=\"none\" width=\"100%\" height=\"100%\">\r\n\t<path fill=\"currentColor\" d=\"M64 6 C32 0 32 12 0 6 L0 8 L64 8 Z\"\/>\r\n<\/svg><\/div><div class=\"l-section-h i-cf\"><div class=\"g-cols vc_row via_grid cols_1 laptops-cols_inherit tablets-cols_inherit mobiles-cols_1 valign_top type_default stacking_default\"><div class=\"wpb_column vc_column_container\"><div class=\"vc_column-inner\"><div class=\"w-vwrapper us_custom_e344997b align_center valign_top\" style=\"--vwrapper-gap:0rem\"><div class=\"w-text us_custom_0259209c has_text_color\"><span url class=\"w-text-h\"><span class=\"w-text-value\">Jako\u015b\u0107. Kompetencja.<\/span><\/span><\/div><div class=\"w-text us_custom_fc1dc638 has_text_color\"><span url class=\"w-text-h\"><span class=\"w-text-value\">Tradycja.<\/span><\/span><\/div><\/div><div class=\"w-separator size_custom\" style=\"height:6vmax\"><\/div><\/div><\/div><\/div><\/div><\/section><section class=\"l-section wpb_row us_custom_ba559656 height_medium color_primary with_shape\"><div class=\"l-section-shape type_wave pos_bottom\" style=\"height:8vmax;\"><svg xmlns=\"http:\/\/www.w3.org\/2000\/svg\" viewBox=\"0 4 64 4\" preserveAspectRatio=\"none\" width=\"100%\" height=\"100%\">\r\n\t<path fill=\"currentColor\" d=\"M64 6 C32 0 32 12 0 6 L0 8 L64 8 Z\"\/>\r\n<\/svg><\/div><div class=\"l-section-h i-cf\"><div class=\"g-cols vc_row via_grid cols_2 laptops-cols_inherit tablets-cols_1 mobiles-cols_1 valign_middle type_default stacking_default\" style=\"grid-gap:0rem;\"><div class=\"wpb_column vc_column_container\"><div class=\"vc_column-inner\"><div class=\"w-image us_custom_9cf479d2 align_none\"><div url class=\"w-image-h\"><img loading=\"lazy\" decoding=\"async\" width=\"1024\" height=\"683\" src=\"https:\/\/condescending-swirles.202-61-201-70.plesk.page\/wp-content\/uploads\/2023\/07\/pork-meat-at-wooden-board-on-black-table-2022-06-28-03-10-34-utc-scaled-e1689199796767-1024x683.jpg\" class=\"attachment-large size-large\" alt=\"\" srcset=\"https:\/\/condescending-swirles.202-61-201-70.plesk.page\/wp-content\/uploads\/2023\/07\/pork-meat-at-wooden-board-on-black-table-2022-06-28-03-10-34-utc-scaled-e1689199796767-1024x683.jpg 1024w, https:\/\/condescending-swirles.202-61-201-70.plesk.page\/wp-content\/uploads\/2023\/07\/pork-meat-at-wooden-board-on-black-table-2022-06-28-03-10-34-utc-scaled-e1689199796767-300x200.jpg 300w\" sizes=\"auto, (max-width: 1024px) 100vw, 1024px\" \/><\/div><\/div><\/div><\/div><div class=\"wpb_column vc_column_container us_custom_25cf1a41\"><div class=\"vc_column-inner\"><div class=\"wpb_text_column us_custom_b9d201a0\"><div class=\"wpb_wrapper\"><p>Jeste\u015bmy <strong>renomowan\u0105 firm\u0105<\/strong> z siedzib\u0105 w Warszawie, specjalizuj\u0105c\u0105 si\u0119 w handlu wysokiej jako\u015bci mi\u0119sem pochodz\u0105cym z r\u00f3\u017cnych ubojni i zak\u0142ad\u00f3w rozbioru, g\u0142\u00f3wnie z Polski i innych region\u00f3w Europy Wschodniej. Nasze wysokiej <strong>jako\u015bci produkty mi\u0119sne<\/strong> s\u0105 wybierane z wielk\u0105 staranno\u015bci\u0105 i w spos\u00f3b zr\u00f3wnowa\u017cony i trafiaj\u0105 g\u0142\u00f3wnie do Niemiec i Austrii. Ale inne cz\u0119\u015bci Europy i klienci na ca\u0142ym \u015bwiecie r\u00f3wnie\u017c doceniaj\u0105 nasz\u0105 jako\u015b\u0107 i niezawodno\u015b\u0107.<\/p>\n<p>W Dewit przyk\u0142adamy <strong>najwy\u017csz\u0105<\/strong> wag\u0119 do wyboru najlepszych produkt\u00f3w mi\u0119snych. Nasz zesp\u00f3\u0142 ekspert\u00f3w \u015bci\u015ble wsp\u00f3\u0142pracuje ze starannie wyselekcjonowanymi ubojniami i zak\u0142adami rozbioru mi\u0119sa, aby zaoferowa\u0107 szeroki wyb\u00f3r <strong>wysokiej jako\u015bci mi\u0119s<\/strong> &#8211; od delikatnej wo\u0142owiny po soczysty dr\u00f3b.<\/p>\n<\/div><\/div><\/div><\/div><\/div><\/div><\/section><section class=\"l-section wpb_row height_medium\"><div class=\"l-section-h i-cf\"><div class=\"g-cols vc_row via_grid cols_2 laptops-cols_inherit tablets-cols_1 mobiles-cols_1 valign_middle type_default stacking_default\" style=\"grid-gap:0rem;\"><div class=\"wpb_column vc_column_container\"><div class=\"vc_column-inner\"><div class=\"wpb_text_column us_custom_b9d201a0\"><div class=\"wpb_wrapper\"><p>Nasze <strong>wieloletnie do\u015bwiadczenie<\/strong> i rozleg\u0142a sie\u0107 pozwalaj\u0105 nam oferowa\u0107 najwy\u017cszej jako\u015bci produkty w konkurencyjnych cenach. Rozumiemy znaczenie sprawnej logistyki i dlatego gwarantujemy szybk\u0105 i punktualn\u0105 wysy\u0142k\u0119.<\/p>\n<p>Jako firma przestrzegaj\u0105ca <strong>wa\u017cnych kryteri\u00f3w handlowych<\/strong>, koncentrujemy si\u0119 na przejrzysto\u015bci, zr\u00f3wnowa\u017conym rozwoju i \u015bcis\u0142ej kontroli jako\u015bci. Dewit oznacza odpowiedzialny handel mi\u0119sem, kt\u00f3ry spe\u0142nia najwy\u017csze standardy.<\/p>\n<\/div><\/div><\/div><\/div><div class=\"wpb_column vc_column_container us_custom_25cf1a41\"><div class=\"vc_column-inner\"><div class=\"w-image us_custom_9cf479d2 align_none\"><div url class=\"w-image-h\"><img loading=\"lazy\" decoding=\"async\" width=\"1024\" height=\"780\" src=\"https:\/\/condescending-swirles.202-61-201-70.plesk.page\/wp-content\/uploads\/2023\/07\/raw-meat-pieces-of-beef-with-spices-and-herbs-2022-02-01-22-39-23-utc-1024x780.jpg\" class=\"attachment-large size-large\" alt=\"\" srcset=\"https:\/\/condescending-swirles.202-61-201-70.plesk.page\/wp-content\/uploads\/2023\/07\/raw-meat-pieces-of-beef-with-spices-and-herbs-2022-02-01-22-39-23-utc-1024x780.jpg 1024w, https:\/\/condescending-swirles.202-61-201-70.plesk.page\/wp-content\/uploads\/2023\/07\/raw-meat-pieces-of-beef-with-spices-and-herbs-2022-02-01-22-39-23-utc-300x229.jpg 300w\" sizes=\"auto, (max-width: 1024px) 100vw, 1024px\" \/><\/div><\/div><\/div><\/div><\/div><\/div><\/section><section class=\"l-section wpb_row height_custom\" id=\"section-03\"><div class=\"l-section-h i-cf\"><div class=\"g-cols vc_row via_grid cols_1 laptops-cols_inherit tablets-cols_inherit mobiles-cols_1 valign_top type_default stacking_default\"><div class=\"wpb_column vc_column_container\"><div class=\"vc_column-inner\"><h2 class=\"w-text us_custom_e22d6cb6\"><span url class=\"w-text-h\"><span class=\"w-text-value\">Z niecierpliwo\u015bci\u0105 czekamy na Ciebie<\/span><\/span><\/h2><div class=\"w-separator size_medium\"><\/div><div class=\"wpb_text_column us_custom_f51e26ff\"><div class=\"wpb_wrapper\"><p style=\"text-align: center;\">Masz konkretne \u017cyczenia? Nie wahaj si\u0119 skontaktowa\u0107 z nami za po\u015brednictwem naszego formularza kontaktowego lub bezpo\u015bredniego po\u0142\u0105czenia telefonicznego. Jeste\u015bmy tutaj, aby Ci pom\u00f3c.<\/p>\n<\/div><\/div><div class=\"w-separator size_medium\"><\/div><div class=\"w-hwrapper valign_top wrap align_center\"><div class=\"w-btn-wrapper align_none\"><a class=\"w-btn us-btn-style_1 us_custom_b4198c51 icon_atleft\" href=\"mailto:info@dewit-meat.com\"><i class=\"far fa-envelope\"><\/i><span class=\"w-btn-label\">Wy\u015blij wiadomo\u015b\u0107 e-mail<\/span><\/a><\/div><div class=\"w-btn-wrapper align_none\"><a class=\"w-btn us-btn-style_1 us_custom_b4198c51 icon_atleft\" href=\"https:\/\/wa.me\/+48602590566\"><i class=\"fab fa-whatsapp\"><\/i><span class=\"w-btn-label\">Tekst przez WhatsApp<\/span><\/a><\/div><\/div><\/div><\/div><\/div><\/div><\/section>\n","protected":false},"excerpt":{"rendered":"O nas Jako\u015b\u0107. Kompetencja.Tradycja. Jeste\u015bmy renomowan\u0105 firm\u0105 z siedzib\u0105 w Warszawie, specjalizuj\u0105c\u0105 si\u0119 w handlu wysokiej jako\u015bci mi\u0119sem pochodz\u0105cym z r\u00f3\u017cnych ubojni i zak\u0142ad\u00f3w rozbioru, g\u0142\u00f3wnie z Polski i innych region\u00f3w Europy Wschodniej. Nasze wysokiej jako\u015bci produkty mi\u0119sne s\u0105 wybierane z wielk\u0105 staranno\u015bci\u0105 i w spos\u00f3b zr\u00f3wnowa\u017cony i trafiaj\u0105 g\u0142\u00f3wnie do Niemiec i Austrii. Ale...","protected":false},"author":1,"featured_media":0,"parent":0,"menu_order":0,"comment_status":"closed","ping_status":"closed","template":"","meta":{"footnotes":""},"class_list":["post-396","page","type-page","status-publish","hentry"],"_links":{"self":[{"href":"https:\/\/condescending-swirles.202-61-201-70.plesk.page\/pl\/wp-json\/wp\/v2\/pages\/396","targetHints":{"allow":["GET"]}}],"collection":[{"href":"https:\/\/condescending-swirles.202-61-201-70.plesk.page\/pl\/wp-json\/wp\/v2\/pages"}],"about":[{"href":"https:\/\/condescending-swirles.202-61-201-70.plesk.page\/pl\/wp-json\/wp\/v2\/types\/page"}],"author":[{"embeddable":true,"href":"https:\/\/condescending-swirles.202-61-201-70.plesk.page\/pl\/wp-json\/wp\/v2\/users\/1"}],"replies":[{"embeddable":true,"href":"https:\/\/condescending-swirles.202-61-201-70.plesk.page\/pl\/wp-json\/wp\/v2\/comments?post=396"}],"version-history":[{"count":12,"href":"https:\/\/condescending-swirles.202-61-201-70.plesk.page\/pl\/wp-json\/wp\/v2\/pages\/396\/revisions"}],"predecessor-version":[{"id":718,"href":"https:\/\/condescending-swirles.202-61-201-70.plesk.page\/pl\/wp-json\/wp\/v2\/pages\/396\/revisions\/718"}],"wp:attachment":[{"href":"https:\/\/condescending-swirles.202-61-201-70.plesk.page\/pl\/wp-json\/wp\/v2\/media?parent=396"}],"curies":[{"name":"wp","href":"https:\/\/api.w.org\/{rel}","templated":true}]}}