{"id":667,"date":"2022-03-26T10:19:58","date_gmt":"2022-03-26T10:19:58","guid":{"rendered":"https:\/\/condescending-swirles.202-61-201-70.plesk.page\/strona-glowna\/"},"modified":"2023-08-31T19:33:45","modified_gmt":"2023-08-31T19:33:45","slug":"strona-glowna","status":"publish","type":"page","link":"https:\/\/condescending-swirles.202-61-201-70.plesk.page\/pl\/","title":{"rendered":"Strona g\u0142\u00f3wna"},"content":{"rendered":"<section class=\"l-section wpb_row height_custom color_primary with_img with_shape\"><div class=\"l-section-img\" role=\"img\" data-img-width=\"2419\" data-img-height=\"1609\" style=\"background-image: url(https:\/\/condescending-swirles.202-61-201-70.plesk.page\/wp-content\/uploads\/2023\/08\/raw-new-york-or-striploin-beef-meat-steak-with-ros-2022-03-25-17-52312317-30-utc.jpg);\"><\/div><div class=\"l-section-overlay\" style=\"background:rgba(0,0,0,0.40)\"><\/div><div class=\"l-section-shape type_wave pos_bottom\" style=\"height:7vmax;color:var(--color-content-primary)\"><svg xmlns=\"http:\/\/www.w3.org\/2000\/svg\" viewBox=\"0 4 64 4\" preserveAspectRatio=\"none\" width=\"100%\" height=\"100%\">\r\n\t<path fill=\"currentColor\" d=\"M64 6 C32 0 32 12 0 6 L0 8 L64 8 Z\"\/>\r\n<\/svg><\/div><div class=\"l-section-h i-cf\"><div class=\"g-cols vc_row via_grid cols_1 laptops-cols_inherit tablets-cols_inherit mobiles-cols_1 valign_top type_default stacking_default\"><div class=\"wpb_column vc_column_container\"><div class=\"vc_column-inner\"><div class=\"wpb_text_column us_custom_492179a4\"><div class=\"wpb_wrapper\"><h1>FLAVOUR<br \/>\n<span style=\"color: #a51c30;\">MEATS<\/span> TRUST<\/h1>\n<\/div><\/div><div class=\"w-separator size_small\"><\/div><div class=\"w-btn-wrapper align_none\"><a class=\"w-btn us-btn-style_1\" href=\"\/pl\/#intro\"><span class=\"w-btn-label\">DOWIEDZ SI\u0118 WI\u0118CEJ<\/span><\/a><\/div><div class=\"w-separator size_custom\" style=\"height:8vmax\"><\/div><\/div><\/div><\/div><\/div><\/section><section class=\"l-section wpb_row us_custom_ba559656 height_custom color_primary with_shape\" id=\"intro\"><div class=\"l-section-shape type_zigzag pos_bottom\" style=\"height:5vmax;\"><svg xmlns=\"http:\/\/www.w3.org\/2000\/svg\" viewBox=\"0 0 64 8\" preserveAspectRatio=\"none\" width=\"100%\" height=\"100%\">\r\n\t<path fill=\"currentColor\" d=\"M64 8 L0 8 L0 0 L20 7.9 L40 3 L48 5 L64 0 Z\"\/>\r\n<\/svg><\/div><div class=\"l-section-h i-cf\"><div class=\"g-cols vc_row via_grid cols_2 laptops-cols_inherit tablets-cols_1 mobiles-cols_1 valign_middle type_default reversed\"><div class=\"wpb_column vc_column_container\"><div class=\"vc_column-inner\"><div class=\"w-image us_custom_9cf479d2 align_none\"><div url class=\"w-image-h\"><img loading=\"lazy\" decoding=\"async\" width=\"1024\" height=\"681\" src=\"https:\/\/condescending-swirles.202-61-201-70.plesk.page\/wp-content\/uploads\/2023\/08\/raw-top-blade-or-flat-iron-beef-meat-steaks-on-a-b-2021-12-09-02-02-08-utc-1024x681.jpg\" class=\"attachment-large size-large\" alt=\"\" srcset=\"https:\/\/condescending-swirles.202-61-201-70.plesk.page\/wp-content\/uploads\/2023\/08\/raw-top-blade-or-flat-iron-beef-meat-steaks-on-a-b-2021-12-09-02-02-08-utc-1024x681.jpg 1024w, https:\/\/condescending-swirles.202-61-201-70.plesk.page\/wp-content\/uploads\/2023\/08\/raw-top-blade-or-flat-iron-beef-meat-steaks-on-a-b-2021-12-09-02-02-08-utc-300x200.jpg 300w\" sizes=\"auto, (max-width: 1024px) 100vw, 1024px\" \/><\/div><\/div><\/div><\/div><div class=\"wpb_column vc_column_container\"><div class=\"vc_column-inner\"><div class=\"wpb_text_column us_custom_b9d201a0\"><div class=\"wpb_wrapper\"><h3 class=\"styled\">Witamy na stronie internetowej DEWIT<\/h3>\n<p>Tw\u00f3j partner w handlu wysokiej jako\u015bci mi\u0119sem. Skupiamy si\u0119 na jako\u015bci, przejrzysto\u015bci i zr\u00f3wnowa\u017conym rozwoju, aby oferowa\u0107 wy\u015bmienite produkty mi\u0119sne. Odkryj \u015bwiat przyjemno\u015bci zbudowany na zaufaniu i doskona\u0142ym handlu mi\u0119sem.<\/p>\n<\/div><\/div><\/div><\/div><\/div><\/div><\/section><section class=\"l-section wpb_row us_custom_224dd504 height_medium with_shape\"><div class=\"l-section-shape type_triangle-2 pos_bottom\" style=\"height:6vmax;color:#f5f5f5\"><svg xmlns=\"http:\/\/www.w3.org\/2000\/svg\" viewBox=\"0 0 64 8\" preserveAspectRatio=\"none\" width=\"100%\" height=\"100%\">\r\n\t<path fill=\"currentColor\" d=\"M64 8 L0 8 L0 0 L48 7.9 L64 0 Z\"\/>\r\n<\/svg><\/div><div class=\"l-section-h i-cf\"><div class=\"g-cols vc_row via_grid cols_1 laptops-cols_inherit tablets-cols_inherit mobiles-cols_1 valign_top type_default stacking_default\"><div class=\"wpb_column vc_column_container\"><div class=\"vc_column-inner\"><h2 class=\"w-text us_custom_e66796d2\"><span url class=\"w-text-h\"><span class=\"w-text-value\">SORTIMENT<\/span><\/span><\/h2><div class=\"w-separator size_medium\"><\/div><div class=\"g-cols wpb_row via_grid cols_2 laptops-cols_inherit tablets-cols_2 mobiles-cols_1 valign_top type_default stacking_default\" style=\"grid-gap:3.1rem;\"><div class=\"wpb_column vc_column_container has-link\"><div class=\"vc_column-inner\"><div class=\"w-iconbox iconpos_top style_circle color_primary align_center no_text\"><div class=\"w-iconbox-icon\" style=\"font-size:3.5rem;\"><i class=\"fal fa-meat\"><\/i><\/div><div class=\"w-iconbox-meta\"><h3 class=\"w-iconbox-title\">Wo\u0142owina<\/h3><\/div><\/div><\/div><a href=\"https:\/\/condescending-swirles.202-61-201-70.plesk.page\/pl\/rindfleisch\" class=\"vc_column-link smooth-scroll\" aria-label=\"Odno\u015bnik\"><\/a><\/div><div class=\"wpb_column vc_column_container has-link\"><div class=\"vc_column-inner\"><div class=\"w-iconbox iconpos_top style_circle color_primary align_center\"><div class=\"w-iconbox-icon\" style=\"font-size:3.5rem;\"><i class=\"fal fa-pig\"><\/i><\/div><div class=\"w-iconbox-meta\"><h3 class=\"w-iconbox-title\">Wieprzowina<\/h3><div class=\"w-iconbox-text\"><div class=\"item\">\n<div class=\"txt\">\n<div id=\"gtx-trans\">\n<div class=\"gtx-trans-icon\"><\/div>\n<\/div>\n<\/div>\n<\/div>\n<div class=\"item\">\n<div class=\"checked\"><\/div>\n<\/div>\n<\/div><\/div><\/div><\/div><a href=\"https:\/\/condescending-swirles.202-61-201-70.plesk.page\/pl\/schweinefleisch\/\" class=\"vc_column-link smooth-scroll\" aria-label=\"Odno\u015bnik\"><\/a><\/div><\/div><div class=\"w-separator size_large\"><\/div><div class=\"g-cols wpb_row via_grid cols_2 laptops-cols_inherit tablets-cols_2 mobiles-cols_1 valign_top type_default stacking_default\" style=\"grid-gap:3.1rem;\"><div class=\"wpb_column vc_column_container has-link\"><div class=\"vc_column-inner\"><div class=\"w-iconbox iconpos_top style_circle color_primary align_center no_text\"><div class=\"w-iconbox-icon\" style=\"font-size:3.5rem;\"><i class=\"fal fa-turkey\"><\/i><\/div><div class=\"w-iconbox-meta\"><h3 class=\"w-iconbox-title\">Mi\u0119so drobiowe<\/h3><\/div><\/div><\/div><a href=\"https:\/\/condescending-swirles.202-61-201-70.plesk.page\/pl\/gefluegelfleisch\/\" class=\"vc_column-link smooth-scroll\" aria-label=\"Odno\u015bnik\"><\/a><\/div><div class=\"wpb_column vc_column_container has-link\"><div class=\"vc_column-inner\"><div class=\"w-iconbox iconpos_top style_circle color_primary align_center\"><a href=\"https:\/\/condescending-swirles.202-61-201-70.plesk.page\/viehhandel\/\" class=\"w-iconbox-link\" aria-label=\"Handel \u017cywym inwentarzem\"><div class=\"w-iconbox-icon\" style=\"font-size:3.5rem;\"><i class=\"fal fa-cow\"><\/i><\/div><\/a><div class=\"w-iconbox-meta\"><a href=\"https:\/\/condescending-swirles.202-61-201-70.plesk.page\/viehhandel\/\" class=\"w-iconbox-link\" aria-label=\"Handel \u017cywym inwentarzem\"><h3 class=\"w-iconbox-title\">Handel \u017cywym inwentarzem<\/h3><\/a><div class=\"w-iconbox-text\"><div class=\"item\">\n<div class=\"txt\">\n<div id=\"gtx-trans\">\n<div class=\"gtx-trans-icon\"><\/div>\n<\/div>\n<\/div>\n<\/div>\n<div class=\"item\">\n<div class=\"checked\"><\/div>\n<\/div>\n<\/div><\/div><\/div><\/div><a href=\"https:\/\/condescending-swirles.202-61-201-70.plesk.page\/pl\/viehhandel\/\" class=\"vc_column-link smooth-scroll\" aria-label=\"Odno\u015bnik\"><\/a><\/div><\/div><\/div><\/div><\/div><\/div><\/section><section class=\"l-section wpb_row us_custom_f0421686 height_custom\"><div class=\"l-section-h i-cf\"><div class=\"g-cols vc_row via_grid cols_1 laptops-cols_inherit tablets-cols_inherit mobiles-cols_1 valign_top type_default stacking_default\"><div class=\"wpb_column vc_column_container\"><div class=\"vc_column-inner\"><h2 class=\"w-text us_custom_e66796d2\"><span url class=\"w-text-h\"><span class=\"w-text-value\">O DEWIT<\/span><\/span><\/h2><div class=\"w-separator size_custom\" style=\"height:20px\"><\/div><div class=\"g-cols wpb_row via_grid cols_2-1 laptops-cols_inherit tablets-cols_1 mobiles-cols_1 valign_middle type_default stacking_default\" style=\"grid-gap:3.1rem;\"><div class=\"wpb_column vc_column_container\"><div class=\"vc_column-inner\"><div class=\"w-image us_custom_b297c872 align_none\"><div url class=\"w-image-h\"><img loading=\"lazy\" decoding=\"async\" width=\"2560\" height=\"1703\" src=\"https:\/\/condescending-swirles.202-61-201-70.plesk.page\/wp-content\/uploads\/2023\/08\/butcher-raw-pork-steak-from-raw-neck-fillet-meat-o-2022-01-11-14-55-42-utc-scaled.jpg\" class=\"attachment-full size-full\" alt=\"\" srcset=\"https:\/\/condescending-swirles.202-61-201-70.plesk.page\/wp-content\/uploads\/2023\/08\/butcher-raw-pork-steak-from-raw-neck-fillet-meat-o-2022-01-11-14-55-42-utc-scaled.jpg 2560w, https:\/\/condescending-swirles.202-61-201-70.plesk.page\/wp-content\/uploads\/2023\/08\/butcher-raw-pork-steak-from-raw-neck-fillet-meat-o-2022-01-11-14-55-42-utc-300x200.jpg 300w, https:\/\/condescending-swirles.202-61-201-70.plesk.page\/wp-content\/uploads\/2023\/08\/butcher-raw-pork-steak-from-raw-neck-fillet-meat-o-2022-01-11-14-55-42-utc-1024x681.jpg 1024w\" sizes=\"auto, (max-width: 2560px) 100vw, 2560px\" \/><\/div><\/div><\/div><\/div><div class=\"wpb_column vc_column_container\"><div class=\"vc_column-inner\"><div class=\"wpb_text_column us_custom_684f9559\"><div class=\"wpb_wrapper\"><h3 class=\"styled\">Zapraszamy do wsp\u00f3\u0142pracy<\/h3>\n<p>W Dewit z dum\u0105 oferujemy naszym klientom zr\u00f3\u017cnicowan\u0105 gam\u0119 mi\u0119s, kt\u00f3ra wykracza poza wo\u0142owin\u0119, wieprzowin\u0119 i dr\u00f3b. Rozumiemy, \u017ce ka\u017cdy klient ma unikalne preferencje, dlatego staramy si\u0119 spe\u0142nia\u0107 jego specyficzne wymagania. Od delikatnej jagni\u0119ciny po obfit\u0105 dziczyzn\u0119, od soczystych g\u0119si po smaczne kaczki &#8211; nasz wyb\u00f3r wykracza daleko poza przeci\u0119tno\u015b\u0107.<\/p>\n<\/div><\/div><div class=\"w-separator size_custom\" style=\"height:30px\"><\/div><div class=\"w-btn-wrapper align_none\"><a class=\"w-btn us-btn-style_1 us_custom_492179a4\" href=\"https:\/\/condescending-swirles.202-61-201-70.plesk.page\/pl\/verantwortung\"><span class=\"w-btn-label\">Odpowiedzialno\u015b\u0107<\/span><\/a><\/div><\/div><\/div><\/div><div class=\"w-separator size_custom\" style=\"height:6.2vmax\"><\/div><div class=\"g-cols wpb_row via_grid cols_1-2 laptops-cols_inherit tablets-cols_1 mobiles-cols_1 valign_middle type_default reversed\" style=\"grid-gap:3.1rem;\"><div class=\"wpb_column vc_column_container\"><div class=\"vc_column-inner\"><div class=\"wpb_text_column us_custom_929d6977\"><div class=\"wpb_wrapper\"><h3>Do\u015bwiadczenie i doskona\u0142a jako\u015b\u0107<\/h3>\n<p>Zadowolenie klienta jest naszym priorytetem, a nasi eksperci \u015bci\u015ble z nim wsp\u00f3\u0142pracuj\u0105, aby zapewni\u0107 spe\u0142nienie jego indywidualnych potrzeb. Dzi\u0119ki naszemu zaanga\u017cowaniu w jako\u015b\u0107, r\u00f3\u017cnorodno\u015b\u0107 i wyj\u0105tkow\u0105 obs\u0142ug\u0119, robimy wszystko, co w naszej mocy, aby przekroczy\u0107 Twoje oczekiwania.<\/p>\n<\/div><\/div><div class=\"w-separator size_custom\" style=\"height:30px\"><\/div><div class=\"w-btn-wrapper align_none\"><a class=\"w-btn us-btn-style_1 us_custom_492179a4\" href=\"https:\/\/condescending-swirles.202-61-201-70.plesk.page\/pl\/ueber-uns\"><span class=\"w-btn-label\">O nas<\/span><\/a><\/div><\/div><\/div><div class=\"wpb_column vc_column_container\"><div class=\"vc_column-inner\"><div class=\"w-image us_custom_b297c872 align_none\"><div url class=\"w-image-h\"><img loading=\"lazy\" decoding=\"async\" width=\"1024\" height=\"780\" src=\"https:\/\/condescending-swirles.202-61-201-70.plesk.page\/wp-content\/uploads\/2023\/07\/raw-meat-pieces-of-beef-with-spices-and-herbs-2022-02-01-22-39-23-utc-1024x780.jpg\" class=\"attachment-large size-large\" alt=\"\" srcset=\"https:\/\/condescending-swirles.202-61-201-70.plesk.page\/wp-content\/uploads\/2023\/07\/raw-meat-pieces-of-beef-with-spices-and-herbs-2022-02-01-22-39-23-utc-1024x780.jpg 1024w, https:\/\/condescending-swirles.202-61-201-70.plesk.page\/wp-content\/uploads\/2023\/07\/raw-meat-pieces-of-beef-with-spices-and-herbs-2022-02-01-22-39-23-utc-300x229.jpg 300w\" sizes=\"auto, (max-width: 1024px) 100vw, 1024px\" \/><\/div><\/div><\/div><\/div><\/div><\/div><\/div><\/div><\/div><\/section><section class=\"l-section wpb_row height_custom with_shape\" id=\"section-03\"><div class=\"l-section-shape type_tilt pos_bottom\" style=\"height:5vmin;color:#333333\"><svg xmlns=\"http:\/\/www.w3.org\/2000\/svg\" viewBox=\"0 0 64 8\" preserveAspectRatio=\"none\" width=\"100%\" height=\"100%\">\r\n\t<path fill=\"currentColor\" d=\"M64 7.9 L64 10 L0 10 L0 0 Z\"\/>\r\n<\/svg><\/div><div class=\"l-section-h i-cf\"><div class=\"g-cols vc_row via_grid cols_1 laptops-cols_inherit tablets-cols_inherit mobiles-cols_1 valign_top type_default stacking_default\"><div class=\"wpb_column vc_column_container\"><div class=\"vc_column-inner\"><h2 class=\"w-text us_custom_e22d6cb6\"><span url class=\"w-text-h\"><span class=\"w-text-value\">Z niecierpliwo\u015bci\u0105 czekamy na Ciebie<\/span><\/span><\/h2><div class=\"w-separator size_medium\"><\/div><div class=\"wpb_text_column us_custom_f51e26ff\"><div class=\"wpb_wrapper\"><p style=\"text-align: center;\">Masz konkretne \u017cyczenia? Nie wahaj si\u0119 skontaktowa\u0107 z nami za po\u015brednictwem naszego formularza kontaktowego lub bezpo\u015bredniego po\u0142\u0105czenia telefonicznego. Jeste\u015bmy tutaj, aby Ci pom\u00f3c.<\/p>\n<\/div><\/div><div class=\"w-separator size_medium\"><\/div><div class=\"w-hwrapper valign_top wrap align_center\"><div class=\"w-btn-wrapper align_none\"><a class=\"w-btn us-btn-style_1 us_custom_b4198c51 icon_atleft\" href=\"mailto:info@dewit-meat.com \"><i class=\"far fa-envelope\"><\/i><span class=\"w-btn-label\">Wy\u015blij wiadomo\u015b\u0107 e-mail<\/span><\/a><\/div><div class=\"w-btn-wrapper align_none\"><a class=\"w-btn us-btn-style_1 us_custom_b4198c51 icon_atleft\" href=\"https:\/\/wa.me\/+48602590566\"><i class=\"fab fa-whatsapp\"><\/i><span class=\"w-btn-label\">Tekst przez WhatsApp<\/span><\/a><\/div><\/div><\/div><\/div><\/div><\/div><\/section>\n","protected":false},"excerpt":{"rendered":"FLAVOUR MEATS TRUST DOWIEDZ SI\u0118 WI\u0118CEJ Witamy na stronie internetowej DEWIT Tw\u00f3j partner w handlu wysokiej jako\u015bci mi\u0119sem. Skupiamy si\u0119 na jako\u015bci, przejrzysto\u015bci i zr\u00f3wnowa\u017conym rozwoju, aby oferowa\u0107 wy\u015bmienite produkty mi\u0119sne. Odkryj \u015bwiat przyjemno\u015bci zbudowany na zaufaniu i doskona\u0142ym handlu mi\u0119sem. SORTIMENTWo\u0142owinaWieprzowina Mi\u0119so drobioweHandel \u017cywym inwentarzem O DEWITZapraszamy do wsp\u00f3\u0142pracy W Dewit z dum\u0105 oferujemy...","protected":false},"author":1,"featured_media":0,"parent":0,"menu_order":0,"comment_status":"closed","ping_status":"closed","template":"","meta":{"footnotes":""},"class_list":["post-667","page","type-page","status-publish","hentry"],"_links":{"self":[{"href":"https:\/\/condescending-swirles.202-61-201-70.plesk.page\/pl\/wp-json\/wp\/v2\/pages\/667","targetHints":{"allow":["GET"]}}],"collection":[{"href":"https:\/\/condescending-swirles.202-61-201-70.plesk.page\/pl\/wp-json\/wp\/v2\/pages"}],"about":[{"href":"https:\/\/condescending-swirles.202-61-201-70.plesk.page\/pl\/wp-json\/wp\/v2\/types\/page"}],"author":[{"embeddable":true,"href":"https:\/\/condescending-swirles.202-61-201-70.plesk.page\/pl\/wp-json\/wp\/v2\/users\/1"}],"replies":[{"embeddable":true,"href":"https:\/\/condescending-swirles.202-61-201-70.plesk.page\/pl\/wp-json\/wp\/v2\/comments?post=667"}],"version-history":[{"count":8,"href":"https:\/\/condescending-swirles.202-61-201-70.plesk.page\/pl\/wp-json\/wp\/v2\/pages\/667\/revisions"}],"predecessor-version":[{"id":819,"href":"https:\/\/condescending-swirles.202-61-201-70.plesk.page\/pl\/wp-json\/wp\/v2\/pages\/667\/revisions\/819"}],"wp:attachment":[{"href":"https:\/\/condescending-swirles.202-61-201-70.plesk.page\/pl\/wp-json\/wp\/v2\/media?parent=667"}],"curies":[{"name":"wp","href":"https:\/\/api.w.org\/{rel}","templated":true}]}}