{"id":699,"date":"2023-08-22T14:52:37","date_gmt":"2023-08-22T14:52:37","guid":{"rendered":"https:\/\/condescending-swirles.202-61-201-70.plesk.page\/zadanie\/"},"modified":"2023-08-31T14:40:29","modified_gmt":"2023-08-31T14:40:29","slug":"zadanie","status":"publish","type":"page","link":"https:\/\/condescending-swirles.202-61-201-70.plesk.page\/pl\/zadanie\/","title":{"rendered":"\u017b\u0105danie"},"content":{"rendered":"<section class=\"l-section wpb_row height_custom color_primary with_img with_shape\"><div class=\"l-section-img\" role=\"img\" data-img-width=\"2419\" data-img-height=\"1609\" style=\"background-image: url(https:\/\/condescending-swirles.202-61-201-70.plesk.page\/wp-content\/uploads\/2023\/08\/raw-new-york-or-striploin-beef-meat-steak-with-ros-2022-03-25-17-52312317-30-utc.jpg);\"><\/div><div class=\"l-section-overlay\" style=\"background:rgba(0,0,0,0.40)\"><\/div><div class=\"l-section-shape type_wave pos_bottom\" style=\"height:6vmax;\"><svg xmlns=\"http:\/\/www.w3.org\/2000\/svg\" viewBox=\"0 4 64 4\" preserveAspectRatio=\"none\" width=\"100%\" height=\"100%\">\r\n\t<path fill=\"currentColor\" d=\"M64 6 C32 0 32 12 0 6 L0 8 L64 8 Z\"\/>\r\n<\/svg><\/div><div class=\"l-section-h i-cf\"><div class=\"g-cols vc_row via_grid cols_1 laptops-cols_inherit tablets-cols_inherit mobiles-cols_1 valign_top type_default stacking_default\"><div class=\"wpb_column vc_column_container\"><div class=\"vc_column-inner\"><h1 class=\"w-text us_custom_34aef4c0\"><span url class=\"w-text-h\"><span class=\"w-text-value\">\u017b\u0105danie<\/span><\/span><\/h1><div class=\"w-separator size_custom\" style=\"height:8vmax\"><\/div><\/div><\/div><\/div><\/div><\/section><section class=\"l-section wpb_row height_custom\"><div class=\"l-section-h i-cf\"><div class=\"g-cols vc_row via_grid cols_1 laptops-cols_inherit tablets-cols_inherit mobiles-cols_1 valign_top type_default stacking_default\"><div class=\"wpb_column vc_column_container\"><div class=\"vc_column-inner\"><div class=\"w-tabs layout_hor style_radio2 switch_click has_scrolling\"><div class=\"w-tabs-list items_6 align_justify\" style=\"font-family:var(--font-h1);\"><div class=\"w-tabs-list-h\"><button class=\"w-tabs-item active\" aria-controls=\"content-qe61\" aria-expanded=\"false\"><span class=\"w-tabs-item-title\">1. \u017c\u0105danie<\/span><\/button><button class=\"w-tabs-item\" aria-controls=\"content-nf97\" aria-expanded=\"false\"><span class=\"w-tabs-item-title\">2. wyszukiwanie<\/span><\/button><button class=\"w-tabs-item\" aria-controls=\"content-f0a8\" aria-expanded=\"false\"><span class=\"w-tabs-item-title\">3. oferta<\/span><\/button><button class=\"w-tabs-item\" aria-controls=\"content-d1e3\" aria-expanded=\"false\"><span class=\"w-tabs-item-title\">4. zam\u00f3wienie<\/span><\/button><button class=\"w-tabs-item\" aria-controls=\"content-n32b\" aria-expanded=\"false\"><span class=\"w-tabs-item-title\">5. transport<\/span><\/button><button class=\"w-tabs-item\" aria-controls=\"content-k904\" aria-expanded=\"false\"><span class=\"w-tabs-item-title\">6. dostawa<\/span><\/button><\/div><\/div><div class=\"w-tabs-sections titles-align_none icon_chevron cpos_right\"><div class=\"w-tabs-section active\" id=\"qe61\"><button class=\"w-tabs-section-header active\" aria-controls=\"content-qe61\" aria-expanded=\"true\"><div class=\"w-tabs-section-title\">1. \u017c\u0105danie<\/div><div class=\"w-tabs-section-control\"><\/div><\/button><div  class=\"w-tabs-section-content\" id=\"content-qe61\"><div class=\"w-tabs-section-content-h i-cf\"><div class=\"wpb_text_column\"><div class=\"wpb_wrapper\"><p><a href=\"https:\/\/condescending-swirles.202-61-201-70.plesk.page\/pl\/zadanie\/#formular\"><strong>Rozpocznij proces zamawiania<\/strong><\/a>, informuj\u0105c nas o swoich indywidualnych wymaganiach. Wa\u017cne jest, aby\u015bmy dok\u0142adnie zrozumieli Twoje potrzeby, aby\u015bmy mogli zaoferowa\u0107 Ci najlepsze opcje.<\/p>\n<\/div><\/div><\/div><\/div><\/div><div class=\"w-tabs-section\" id=\"nf97\"><button class=\"w-tabs-section-header\" aria-controls=\"content-nf97\" aria-expanded=\"false\"><div class=\"w-tabs-section-title\">2. wyszukiwanie<\/div><div class=\"w-tabs-section-control\"><\/div><\/button><div  class=\"w-tabs-section-content\" id=\"content-nf97\"><div class=\"w-tabs-section-content-h i-cf\"><div class=\"wpb_text_column\"><div class=\"wpb_wrapper\"><p>W oparciu o Twoje wymagania, starannie wyszukujemy dostawc\u00f3w, kt\u00f3rzy spe\u0142niaj\u0105 nasze wysokie standardy jako\u015bci. W Dewit cenimy sobie godne zaufania partnerstwo.<\/p>\n<\/div><\/div><\/div><\/div><\/div><div class=\"w-tabs-section\" id=\"f0a8\"><button class=\"w-tabs-section-header\" aria-controls=\"content-f0a8\" aria-expanded=\"false\"><div class=\"w-tabs-section-title\">3. oferta<\/div><div class=\"w-tabs-section-control\"><\/div><\/button><div  class=\"w-tabs-section-content\" id=\"content-f0a8\"><div class=\"w-tabs-section-content-h i-cf\"><div class=\"wpb_text_column\"><div class=\"wpb_wrapper\"><p>Nasza <strong>zindywidualizowana oferta<\/strong> opiera si\u0119 na Twoich potrzebach. Dewit oferuje nie tylko produkty, ale tak\u017ce rozwi\u0105zania, kt\u00f3re s\u0105 przejrzyste i skoncentrowane na d\u0142ugoterminowej satysfakcji.<\/p>\n<\/div><\/div><\/div><\/div><\/div><div class=\"w-tabs-section\" id=\"d1e3\"><button class=\"w-tabs-section-header\" aria-controls=\"content-d1e3\" aria-expanded=\"false\"><div class=\"w-tabs-section-title\">4. zam\u00f3wienie<\/div><div class=\"w-tabs-section-control\"><\/div><\/button><div  class=\"w-tabs-section-content\" id=\"content-d1e3\"><div class=\"w-tabs-section-content-h i-cf\"><div class=\"wpb_text_column\"><div class=\"wpb_wrapper\"><p>Po potwierdzeniu naszej oferty rozpoczyna si\u0119 proces sk\u0142adania zam\u00f3wienia. Traktujemy Twoje wymagania powa\u017cnie i robimy wszystko, co w naszej mocy, <strong>aby przekroczy\u0107 Twoje oczekiwania.<\/strong><\/p>\n<\/div><\/div><\/div><\/div><\/div><div class=\"w-tabs-section\" id=\"n32b\"><button class=\"w-tabs-section-header\" aria-controls=\"content-n32b\" aria-expanded=\"false\"><div class=\"w-tabs-section-title\">5. transport<\/div><div class=\"w-tabs-section-control\"><\/div><\/button><div  class=\"w-tabs-section-content\" id=\"content-n32b\"><div class=\"w-tabs-section-content-h i-cf\"><div class=\"wpb_text_column\"><div class=\"wpb_wrapper\"><p>Dewit bierze <strong>odpowiedzialno\u015b\u0107 za bezpieczny transport<\/strong> zam\u00f3wienia. Nasze zaanga\u017cowanie w jako\u015b\u0107 i opiek\u0119 jest r\u00f3wnie\u017c widoczne na tym etapie procesu.<\/p>\n<\/div><\/div><\/div><\/div><\/div><div class=\"w-tabs-section\" id=\"k904\"><button class=\"w-tabs-section-header\" aria-controls=\"content-k904\" aria-expanded=\"false\"><div class=\"w-tabs-section-title\">6. dostawa<\/div><div class=\"w-tabs-section-control\"><\/div><\/button><div  class=\"w-tabs-section-content\" id=\"content-k904\"><div class=\"w-tabs-section-content-h i-cf\"><div class=\"g-cols wpb_row via_grid cols_2 laptops-cols_inherit tablets-cols_inherit mobiles-cols_1 valign_top type_default stacking_default\"><div class=\"wpb_column vc_column_container\"><div class=\"vc_column-inner\"><div class=\"wpb_text_column\"><div class=\"wpb_wrapper\"><p><strong>Punktualno\u015b\u0107 i niezawodno\u015b\u0107<\/strong> s\u0105 dla nas wa\u017cne. Twoje zam\u00f3wienie zostanie dostarczone na czas, aby\u015b mia\u0142 pewno\u015b\u0107, \u017ce otrzymasz dok\u0142adnie to, czego potrzebujesz.<\/p>\n<\/div><\/div><\/div><\/div><div class=\"wpb_column vc_column_container\"><div class=\"vc_column-inner\"><div class=\"wpb_text_column\"><div class=\"wpb_wrapper\"><p><strong>Dostawa cykliczna:<\/strong><br \/>\nW Dewit d\u0105\u017cymy do d\u0142ugoterminowego partnerstwa. Je\u015bli jeste\u015b zadowolony z naszych produkt\u00f3w i us\u0142ug, czekamy na sta\u0142\u0105 wsp\u00f3\u0142prac\u0119 opart\u0105 na zaufaniu i jako\u015bci.<\/p>\n<\/div><\/div><\/div><\/div><\/div><\/div><\/div><\/div><\/div><\/div><\/div><\/div><\/div><\/div><\/section><section class=\"l-section wpb_row height_custom\" id=\"formular\"><div class=\"l-section-overlay\" style=\"background:#e8e8e8\"><\/div><div class=\"l-section-h i-cf\"><div class=\"g-cols vc_row via_grid cols_1-4-1 laptops-cols_inherit tablets-cols_inherit mobiles-cols_1 valign_top type_default stacking_default\"><div class=\"wpb_column vc_column_container\"><div class=\"vc_column-inner\"><\/div><\/div><div class=\"wpb_column vc_column_container\"><div class=\"vc_column-inner\"><div class=\"wpb_text_column us_custom_f49417c3\"><div class=\"wpb_wrapper\"><p>Tw\u00f3j niewi\u0105\u017c\u0105cy wniosek do nas:<\/p>\n<\/div><\/div><div class=\"w-separator size_medium\"><\/div>[vc_raw_html]W2Zvcm1pbmF0b3JfZm9ybSBpZD0iMzI1Il0=[\/vc_raw_html]<\/div><\/div><div class=\"wpb_column vc_column_container\"><div class=\"vc_column-inner\"><\/div><\/div><\/div><\/div><\/section><section class=\"l-section wpb_row height_auto\"><div class=\"l-section-h i-cf\"><div class=\"g-cols vc_row via_grid cols_1 laptops-cols_inherit tablets-cols_inherit mobiles-cols_1 valign_top type_default stacking_default\"><div class=\"wpb_column vc_column_container stretched\"><div class=\"vc_column-inner\"><div class=\"w-map provider_google\" id=\"us_map_1\"><div class=\"w-map-inner\"><div class=\"w-map-json\" onclick='return {&quot;address&quot;:&quot;DEWIT Sp.z.o.o. Warszawa 04-993 ul. Bys\\u0142awska 82 \\\/ Nr. Lok. 204&quot;,&quot;disableDragging&quot;:0,&quot;disableZoom&quot;:0,&quot;hideControls&quot;:0,&quot;zoom&quot;:13,&quot;markers&quot;:[{&quot;address&quot;:&quot;DEWIT Sp.z.o.o. Warszawa 04-993 ul. Bys\\u0142awska 82 \\\/ Nr. Lok. 204&quot;,&quot;html&quot;:&quot;&quot;,&quot;infowindow&quot;:0}],&quot;maptype&quot;:&quot;ROADMAP&quot;}'><\/div><\/div><\/div><\/div><\/div><\/div><\/div><\/section>\n","protected":false},"excerpt":{"rendered":"\u017b\u0105danie1. \u017c\u0105danie2. wyszukiwanie3. oferta4. zam\u00f3wienie5. transport6. dostawa1. \u017c\u0105danieRozpocznij proces zamawiania, informuj\u0105c nas o swoich indywidualnych wymaganiach. Wa\u017cne jest, aby\u015bmy dok\u0142adnie zrozumieli Twoje potrzeby, aby\u015bmy mogli zaoferowa\u0107 Ci najlepsze opcje. 2. wyszukiwanieW oparciu o Twoje wymagania, starannie wyszukujemy dostawc\u00f3w, kt\u00f3rzy spe\u0142niaj\u0105 nasze wysokie standardy jako\u015bci. W Dewit cenimy sobie godne zaufania partnerstwo. 3. ofertaNasza zindywidualizowana oferta...","protected":false},"author":1,"featured_media":0,"parent":0,"menu_order":0,"comment_status":"closed","ping_status":"closed","template":"","meta":{"footnotes":""},"class_list":["post-699","page","type-page","status-publish","hentry"],"_links":{"self":[{"href":"https:\/\/condescending-swirles.202-61-201-70.plesk.page\/pl\/wp-json\/wp\/v2\/pages\/699","targetHints":{"allow":["GET"]}}],"collection":[{"href":"https:\/\/condescending-swirles.202-61-201-70.plesk.page\/pl\/wp-json\/wp\/v2\/pages"}],"about":[{"href":"https:\/\/condescending-swirles.202-61-201-70.plesk.page\/pl\/wp-json\/wp\/v2\/types\/page"}],"author":[{"embeddable":true,"href":"https:\/\/condescending-swirles.202-61-201-70.plesk.page\/pl\/wp-json\/wp\/v2\/users\/1"}],"replies":[{"embeddable":true,"href":"https:\/\/condescending-swirles.202-61-201-70.plesk.page\/pl\/wp-json\/wp\/v2\/comments?post=699"}],"version-history":[{"count":4,"href":"https:\/\/condescending-swirles.202-61-201-70.plesk.page\/pl\/wp-json\/wp\/v2\/pages\/699\/revisions"}],"predecessor-version":[{"id":704,"href":"https:\/\/condescending-swirles.202-61-201-70.plesk.page\/pl\/wp-json\/wp\/v2\/pages\/699\/revisions\/704"}],"wp:attachment":[{"href":"https:\/\/condescending-swirles.202-61-201-70.plesk.page\/pl\/wp-json\/wp\/v2\/media?parent=699"}],"curies":[{"name":"wp","href":"https:\/\/api.w.org\/{rel}","templated":true}]}}