{"id":702,"date":"2023-08-23T08:40:22","date_gmt":"2023-08-23T08:40:22","guid":{"rendered":"https:\/\/condescending-swirles.202-61-201-70.plesk.page\/mieso-drobiowe\/"},"modified":"2023-08-31T14:40:29","modified_gmt":"2023-08-31T14:40:29","slug":"mieso-drobiowe","status":"publish","type":"page","link":"https:\/\/condescending-swirles.202-61-201-70.plesk.page\/pl\/mieso-drobiowe\/","title":{"rendered":"Mi\u0119so drobiowe"},"content":{"rendered":"<section class=\"l-section wpb_row height_custom color_primary with_img with_video with_vimeo with_shape\"><div class=\"l-section-img\" role=\"img\" data-img-width=\"2560\" data-img-height=\"1703\" style=\"background-image: url(https:\/\/condescending-swirles.202-61-201-70.plesk.page\/wp-content\/uploads\/2023\/08\/raw-chicken-portions-for-cooking-and-barbecuing-wi-2021-12-09-06-08-36-utc-scaled.jpg);\"><\/div><style>@media(max-width:600px){#us_bg_video_e36f{display:none!important}}<\/style><div class=\"l-section-video\" id=\"us_bg_video_e36f\"><iframe title=\"Vimeo video player\" src=\"https:\/\/player.vimeo.com\/video\/859783712?autoplay=1&loop=1&muted=1&title=0&byline=0&background=1\" frameborder=\"0\" allow=\"autoplay; fullscreen\" allowfullscreen loading=\"lazy\"><\/iframe><\/div><div class=\"l-section-overlay\" style=\"background:rgba(0,0,0,0.40)\"><\/div><div class=\"l-section-shape type_wave pos_bottom\" style=\"height:8vmax;\"><svg xmlns=\"http:\/\/www.w3.org\/2000\/svg\" viewBox=\"0 4 64 4\" preserveAspectRatio=\"none\" width=\"100%\" height=\"100%\">\r\n\t<path fill=\"currentColor\" d=\"M64 6 C32 0 32 12 0 6 L0 8 L64 8 Z\"\/>\r\n<\/svg><\/div><div class=\"l-section-h i-cf\"><div class=\"g-cols vc_row via_grid cols_1 laptops-cols_inherit tablets-cols_inherit mobiles-cols_1 valign_top type_default stacking_default\"><div class=\"wpb_column vc_column_container\"><div class=\"vc_column-inner\"><h1 class=\"w-text us_custom_34aef4c0\"><span url class=\"w-text-h\"><span class=\"w-text-value\">Mi\u0119so drobiowe<\/span><\/span><\/h1><div class=\"w-separator size_custom\" style=\"height:8vmax\"><\/div><\/div><\/div><\/div><\/div><\/section><section class=\"l-section wpb_row height_auto\"><div class=\"l-section-h i-cf\"><div class=\"g-cols vc_row via_grid cols_1 laptops-cols_inherit tablets-cols_inherit mobiles-cols_1 valign_top type_default stacking_default\"><div class=\"wpb_column vc_column_container\"><div class=\"vc_column-inner\"><div class=\"w-separator size_custom\" style=\"height:6.5vmax\"><\/div><div class=\"wpb_text_column us_custom_a3d5695e\"><div class=\"wpb_wrapper\"><h3>Wymagaj\u0105ce standardy kieruj\u0105 nasz\u0105 podr\u00f3\u017c\u0105<\/h3>\n<p>Ciesz si\u0119 r\u00f3\u017cnorodno\u015bci\u0105 najwy\u017cszej jako\u015bci mi\u0119sa drobiowego. Prezentujemy zr\u00f3\u017cnicowany wyb\u00f3r &#8211; kurczaki, indyki i inne odmiany drobiu, \u015bwie\u017ce lub mro\u017cone. Ponadto oferujemy wyj\u0105tkow\u0105 mo\u017cliwo\u015b\u0107 zam\u00f3wienia r\u00f3\u017cnych kawa\u0142k\u00f3w i produkt\u00f3w z drobiu o starannie dobranej jako\u015bci. Nasze d\u0105\u017cenie do doskona\u0142o\u015bci znajduje odzwierciedlenie w ka\u017cdej dostawie.<\/p>\n<p>Nasze partnerstwo z renomowanymi fermami drobiu ma ogromne znaczenie. Starannie wyselekcjonowane i regularnie kontrolowane mi\u0119so gwarantuje wysok\u0105 jako\u015b\u0107 w ka\u017cdej dostawie.<\/p>\n<\/div><\/div><div class=\"w-separator size_large\"><\/div><div class=\"w-image us_custom_447bff20 align_center\"><div url class=\"w-image-h\"><img loading=\"lazy\" decoding=\"async\" width=\"1024\" height=\"681\" src=\"https:\/\/condescending-swirles.202-61-201-70.plesk.page\/wp-content\/uploads\/2023\/08\/uncooked-raw-chicken-wings-poultry-meat-on-a-butch-2021-12-09-02-45-59-utc-1024x681.jpg\" class=\"attachment-large size-large\" alt=\"\" srcset=\"https:\/\/condescending-swirles.202-61-201-70.plesk.page\/wp-content\/uploads\/2023\/08\/uncooked-raw-chicken-wings-poultry-meat-on-a-butch-2021-12-09-02-45-59-utc-1024x681.jpg 1024w, https:\/\/condescending-swirles.202-61-201-70.plesk.page\/wp-content\/uploads\/2023\/08\/uncooked-raw-chicken-wings-poultry-meat-on-a-butch-2021-12-09-02-45-59-utc-300x200.jpg 300w\" sizes=\"auto, (max-width: 1024px) 100vw, 1024px\" \/><\/div><\/div><div class=\"w-separator size_custom\" style=\"height:6.5vmax\"><\/div><\/div><\/div><\/div><\/div><\/section>\n","protected":false},"excerpt":{"rendered":"Mi\u0119so drobioweWymagaj\u0105ce standardy kieruj\u0105 nasz\u0105 podr\u00f3\u017c\u0105 Ciesz si\u0119 r\u00f3\u017cnorodno\u015bci\u0105 najwy\u017cszej jako\u015bci mi\u0119sa drobiowego. Prezentujemy zr\u00f3\u017cnicowany wyb\u00f3r &#8211; kurczaki, indyki i inne odmiany drobiu, \u015bwie\u017ce lub mro\u017cone. Ponadto oferujemy wyj\u0105tkow\u0105 mo\u017cliwo\u015b\u0107 zam\u00f3wienia r\u00f3\u017cnych kawa\u0142k\u00f3w i produkt\u00f3w z drobiu o starannie dobranej jako\u015bci. Nasze d\u0105\u017cenie do doskona\u0142o\u015bci znajduje odzwierciedlenie w ka\u017cdej dostawie. Nasze partnerstwo z renomowanymi fermami...","protected":false},"author":1,"featured_media":0,"parent":0,"menu_order":0,"comment_status":"closed","ping_status":"closed","template":"","meta":{"footnotes":""},"class_list":["post-702","page","type-page","status-publish","hentry"],"_links":{"self":[{"href":"https:\/\/condescending-swirles.202-61-201-70.plesk.page\/pl\/wp-json\/wp\/v2\/pages\/702","targetHints":{"allow":["GET"]}}],"collection":[{"href":"https:\/\/condescending-swirles.202-61-201-70.plesk.page\/pl\/wp-json\/wp\/v2\/pages"}],"about":[{"href":"https:\/\/condescending-swirles.202-61-201-70.plesk.page\/pl\/wp-json\/wp\/v2\/types\/page"}],"author":[{"embeddable":true,"href":"https:\/\/condescending-swirles.202-61-201-70.plesk.page\/pl\/wp-json\/wp\/v2\/users\/1"}],"replies":[{"embeddable":true,"href":"https:\/\/condescending-swirles.202-61-201-70.plesk.page\/pl\/wp-json\/wp\/v2\/comments?post=702"}],"version-history":[{"count":1,"href":"https:\/\/condescending-swirles.202-61-201-70.plesk.page\/pl\/wp-json\/wp\/v2\/pages\/702\/revisions"}],"predecessor-version":[{"id":705,"href":"https:\/\/condescending-swirles.202-61-201-70.plesk.page\/pl\/wp-json\/wp\/v2\/pages\/702\/revisions\/705"}],"wp:attachment":[{"href":"https:\/\/condescending-swirles.202-61-201-70.plesk.page\/pl\/wp-json\/wp\/v2\/media?parent=702"}],"curies":[{"name":"wp","href":"https:\/\/api.w.org\/{rel}","templated":true}]}}