{"id":706,"date":"2022-03-25T11:15:24","date_gmt":"2022-03-25T11:15:24","guid":{"rendered":"https:\/\/condescending-swirles.202-61-201-70.plesk.page\/wolowina\/"},"modified":"2023-08-31T14:41:34","modified_gmt":"2023-08-31T14:41:34","slug":"wolowina","status":"publish","type":"page","link":"https:\/\/condescending-swirles.202-61-201-70.plesk.page\/pl\/wolowina\/","title":{"rendered":"Wo\u0142owina"},"content":{"rendered":"<section class=\"l-section wpb_row height_custom color_primary with_img with_video with_vimeo with_shape\"><div class=\"l-section-img\" role=\"img\" data-img-width=\"2560\" data-img-height=\"1703\" style=\"background-image: url(https:\/\/condescending-swirles.202-61-201-70.plesk.page\/wp-content\/uploads\/2023\/08\/prime-t-bone-beef-meat-steak-raw-porterhouse-stea-2022-02-04-18-20-47-utc-scaled.jpg);\"><\/div><style>@media(max-width:600px){#us_bg_video_n7e9{display:none!important}}<\/style><div class=\"l-section-video\" id=\"us_bg_video_n7e9\"><iframe title=\"Vimeo video player\" src=\"https:\/\/player.vimeo.com\/video\/859784486?autoplay=1&loop=1&muted=1&title=0&byline=0&background=1\" frameborder=\"0\" allow=\"autoplay; fullscreen\" allowfullscreen loading=\"lazy\"><\/iframe><\/div><div class=\"l-section-overlay\" style=\"background:rgba(0,0,0,0.40)\"><\/div><div class=\"l-section-shape type_wave pos_bottom\" style=\"height:8vmax;\"><svg xmlns=\"http:\/\/www.w3.org\/2000\/svg\" viewBox=\"0 4 64 4\" preserveAspectRatio=\"none\" width=\"100%\" height=\"100%\">\r\n\t<path fill=\"currentColor\" d=\"M64 6 C32 0 32 12 0 6 L0 8 L64 8 Z\"\/>\r\n<\/svg><\/div><div class=\"l-section-h i-cf\"><div class=\"g-cols vc_row via_grid cols_1 laptops-cols_inherit tablets-cols_inherit mobiles-cols_1 valign_top type_default stacking_default\"><div class=\"wpb_column vc_column_container\"><div class=\"vc_column-inner\"><h1 class=\"w-text us_custom_34aef4c0\"><span url class=\"w-text-h\"><span class=\"w-text-value\">Wo\u0142owina<\/span><\/span><\/h1><div class=\"w-separator size_custom\" style=\"height:8vmax\"><\/div><\/div><\/div><\/div><\/div><\/section><section class=\"l-section wpb_row height_auto\"><div class=\"l-section-h i-cf\"><div class=\"g-cols vc_row via_grid cols_1 laptops-cols_inherit tablets-cols_inherit mobiles-cols_1 valign_top type_default stacking_default\"><div class=\"wpb_column vc_column_container\"><div class=\"vc_column-inner\"><div class=\"w-separator size_custom\" style=\"height:6.5vmax\"><\/div><div class=\"wpb_text_column\"><div class=\"wpb_wrapper\"><h3>Jako\u015b\u0107 definiuje nasz\u0105 \u015bcie\u017ck\u0119.<\/h3>\n<p>Zanurz si\u0119 w naszym fascynuj\u0105cym \u015bwiecie wo\u0142owiny. Prezentujemy szerok\u0105 gam\u0119 kawa\u0142k\u00f3w, przetworzonego mi\u0119sa &#8211; zar\u00f3wno \u015bwie\u017cego, jak i mro\u017conego. Ponadto oferujemy wyj\u0105tkow\u0105 mo\u017cliwo\u015b\u0107 zamawiania \u0107wier\u0107tusz wo\u0142owych, ja\u0142\u00f3wek i m\u0142odych byk\u00f3w w starannej selekcji. Nasze wieloletnie do\u015bwiadczenie w bran\u017cy mi\u0119snej pozwala nam oferowa\u0107 tylko to, co najlepsze.<\/p>\n<p>Nasza wsp\u00f3\u0142praca z ubojniami i zak\u0142adami rozbioru mi\u0119sa jest podstaw\u0105 naszego zaanga\u017cowania w jako\u015b\u0107. Starannie dobieramy naszych partner\u00f3w, aby mie\u0107 pewno\u015b\u0107, \u017ce ka\u017cdy kawa\u0142ek mi\u0119sa spe\u0142nia najwy\u017csze standardy. Regularne kontrole i wizyty na miejscu zapewniaj\u0105, \u017ce nasi partnerzy zawsze spe\u0142niaj\u0105 nasze wysokie standardy. Dzi\u0119ki temu mo\u017cesz mie\u0107 pewno\u015b\u0107, \u017ce ka\u017cdy zam\u00f3wiony u nas kawa\u0142ek mi\u0119sa spe\u0142nia nasze rygorystyczne wytyczne dotycz\u0105ce jako\u015bci.<\/p>\n<\/div><\/div><div class=\"w-separator size_medium\"><\/div><div class=\"w-image us_custom_9cf479d2 align_center\"><div url class=\"w-image-h\"><img loading=\"lazy\" decoding=\"async\" width=\"1024\" height=\"681\" src=\"https:\/\/condescending-swirles.202-61-201-70.plesk.page\/wp-content\/uploads\/2023\/08\/prime-t-bone-beef-meat-steak-raw-porterhouse-stea-2022-02-04-18-20-47-utc-1024x681.jpg\" class=\"attachment-large size-large\" alt=\"\" srcset=\"https:\/\/condescending-swirles.202-61-201-70.plesk.page\/wp-content\/uploads\/2023\/08\/prime-t-bone-beef-meat-steak-raw-porterhouse-stea-2022-02-04-18-20-47-utc-1024x681.jpg 1024w, https:\/\/condescending-swirles.202-61-201-70.plesk.page\/wp-content\/uploads\/2023\/08\/prime-t-bone-beef-meat-steak-raw-porterhouse-stea-2022-02-04-18-20-47-utc-300x200.jpg 300w\" sizes=\"auto, (max-width: 1024px) 100vw, 1024px\" \/><\/div><\/div><div class=\"w-separator size_custom\" style=\"height:6.5vmax\"><\/div><\/div><\/div><\/div><\/div><\/section>\n","protected":false},"excerpt":{"rendered":"Wo\u0142owinaJako\u015b\u0107 definiuje nasz\u0105 \u015bcie\u017ck\u0119. Zanurz si\u0119 w naszym fascynuj\u0105cym \u015bwiecie wo\u0142owiny. Prezentujemy szerok\u0105 gam\u0119 kawa\u0142k\u00f3w, przetworzonego mi\u0119sa &#8211; zar\u00f3wno \u015bwie\u017cego, jak i mro\u017conego. Ponadto oferujemy wyj\u0105tkow\u0105 mo\u017cliwo\u015b\u0107 zamawiania \u0107wier\u0107tusz wo\u0142owych, ja\u0142\u00f3wek i m\u0142odych byk\u00f3w w starannej selekcji. Nasze wieloletnie do\u015bwiadczenie w bran\u017cy mi\u0119snej pozwala nam oferowa\u0107 tylko to, co najlepsze. Nasza wsp\u00f3\u0142praca z ubojniami i...","protected":false},"author":1,"featured_media":0,"parent":0,"menu_order":0,"comment_status":"closed","ping_status":"closed","template":"","meta":{"footnotes":""},"class_list":["post-706","page","type-page","status-publish","hentry"],"_links":{"self":[{"href":"https:\/\/condescending-swirles.202-61-201-70.plesk.page\/pl\/wp-json\/wp\/v2\/pages\/706","targetHints":{"allow":["GET"]}}],"collection":[{"href":"https:\/\/condescending-swirles.202-61-201-70.plesk.page\/pl\/wp-json\/wp\/v2\/pages"}],"about":[{"href":"https:\/\/condescending-swirles.202-61-201-70.plesk.page\/pl\/wp-json\/wp\/v2\/types\/page"}],"author":[{"embeddable":true,"href":"https:\/\/condescending-swirles.202-61-201-70.plesk.page\/pl\/wp-json\/wp\/v2\/users\/1"}],"replies":[{"embeddable":true,"href":"https:\/\/condescending-swirles.202-61-201-70.plesk.page\/pl\/wp-json\/wp\/v2\/comments?post=706"}],"version-history":[{"count":2,"href":"https:\/\/condescending-swirles.202-61-201-70.plesk.page\/pl\/wp-json\/wp\/v2\/pages\/706\/revisions"}],"predecessor-version":[{"id":708,"href":"https:\/\/condescending-swirles.202-61-201-70.plesk.page\/pl\/wp-json\/wp\/v2\/pages\/706\/revisions\/708"}],"wp:attachment":[{"href":"https:\/\/condescending-swirles.202-61-201-70.plesk.page\/pl\/wp-json\/wp\/v2\/media?parent=706"}],"curies":[{"name":"wp","href":"https:\/\/api.w.org\/{rel}","templated":true}]}}