{"id":710,"date":"2023-08-23T08:40:01","date_gmt":"2023-08-23T08:40:01","guid":{"rendered":"https:\/\/condescending-swirles.202-61-201-70.plesk.page\/wieprzowina\/"},"modified":"2023-08-31T14:44:50","modified_gmt":"2023-08-31T14:44:50","slug":"wieprzowina","status":"publish","type":"page","link":"https:\/\/condescending-swirles.202-61-201-70.plesk.page\/pl\/wieprzowina\/","title":{"rendered":"Wieprzowina"},"content":{"rendered":"<section class=\"l-section wpb_row height_custom color_primary with_img with_shape\"><div class=\"l-section-img\" role=\"img\" data-img-width=\"2560\" data-img-height=\"1707\" style=\"background-image: url(https:\/\/condescending-swirles.202-61-201-70.plesk.page\/wp-content\/uploads\/2023\/07\/grilling-red-meat-with-rosemary-and-pepper-2022-04-04-23-05-20-utc-scaled.jpg);\"><\/div><div class=\"l-section-overlay\" style=\"background:rgba(0,0,0,0.40)\"><\/div><div class=\"l-section-shape type_wave pos_bottom\" style=\"height:8vmax;\"><svg xmlns=\"http:\/\/www.w3.org\/2000\/svg\" viewBox=\"0 4 64 4\" preserveAspectRatio=\"none\" width=\"100%\" height=\"100%\">\r\n\t<path fill=\"currentColor\" d=\"M64 6 C32 0 32 12 0 6 L0 8 L64 8 Z\"\/>\r\n<\/svg><\/div><div class=\"l-section-h i-cf\"><div class=\"g-cols vc_row via_grid cols_1 laptops-cols_inherit tablets-cols_inherit mobiles-cols_1 valign_top type_default stacking_default\"><div class=\"wpb_column vc_column_container\"><div class=\"vc_column-inner\"><h1 class=\"w-text us_custom_34aef4c0\"><span url class=\"w-text-h\"><span class=\"w-text-value\">Wieprzowina<\/span><\/span><\/h1><div class=\"w-separator size_custom\" style=\"height:8vmax\"><\/div><\/div><\/div><\/div><\/div><\/section><section class=\"l-section wpb_row height_auto\"><div class=\"l-section-h i-cf\"><div class=\"g-cols vc_row via_grid cols_1 laptops-cols_inherit tablets-cols_inherit mobiles-cols_1 valign_top type_default stacking_default\"><div class=\"wpb_column vc_column_container\"><div class=\"vc_column-inner\"><div class=\"w-separator size_custom\" style=\"height:6.5vmax\"><\/div><div class=\"wpb_text_column\"><div class=\"wpb_wrapper\"><h3>Najwy\u017csze standardy towarzysz\u0105 naszym d\u0105\u017ceniom<\/h3>\n<p>Odkryj bogactwo naszej oferty wieprzowiny. Wybieraj spo\u015br\u00f3d szerokiej gamy kawa\u0142k\u00f3w mi\u0119sa &#8211; \u015bwie\u017cych lub mro\u017conych &#8211; a tak\u017ce \u015bwie\u017cych dodatk\u00f3w wieprzowych. \u015aci\u015ble wsp\u00f3\u0142pracujemy z pierwszorz\u0119dnymi partnerami, aby zapewni\u0107, \u017ce zawsze otrzymujesz mi\u0119so najwy\u017cszej jako\u015bci.<br \/>\nSpecjalizujemy si\u0119 w eksporcie wieprzowiny z renomowanych polskich gospodarstw. Jednocze\u015bnie importujemy do Polski towary z r\u00f3\u017cnych kraj\u00f3w UE &#8211; zawsze zgodnie z naszymi surowymi standardami korporacyjnymi.<br \/>\nNasze partnerstwa \u015bwiadcz\u0105 o zaufaniu i jako\u015bci, aby zapewni\u0107 pe\u0142n\u0105 satysfakcj\u0119.<\/p>\n<\/div><\/div><div class=\"w-separator size_medium\"><\/div><div class=\"w-image us_custom_9cf479d2 align_center\"><div url class=\"w-image-h\"><img loading=\"lazy\" decoding=\"async\" width=\"1024\" height=\"681\" src=\"https:\/\/condescending-swirles.202-61-201-70.plesk.page\/wp-content\/uploads\/2023\/08\/raw-fresh-pork-tenderloin-meat-on-a-cuuting-board-2021-10-21-02-50-50-utc-1024x681.jpg\" class=\"attachment-large size-large\" alt=\"\" srcset=\"https:\/\/condescending-swirles.202-61-201-70.plesk.page\/wp-content\/uploads\/2023\/08\/raw-fresh-pork-tenderloin-meat-on-a-cuuting-board-2021-10-21-02-50-50-utc-1024x681.jpg 1024w, https:\/\/condescending-swirles.202-61-201-70.plesk.page\/wp-content\/uploads\/2023\/08\/raw-fresh-pork-tenderloin-meat-on-a-cuuting-board-2021-10-21-02-50-50-utc-300x200.jpg 300w\" sizes=\"auto, (max-width: 1024px) 100vw, 1024px\" \/><\/div><\/div><div class=\"w-separator size_custom\" style=\"height:6.5vmax\"><\/div><\/div><\/div><\/div><\/div><\/section>\n","protected":false},"excerpt":{"rendered":"WieprzowinaNajwy\u017csze standardy towarzysz\u0105 naszym d\u0105\u017ceniom Odkryj bogactwo naszej oferty wieprzowiny. Wybieraj spo\u015br\u00f3d szerokiej gamy kawa\u0142k\u00f3w mi\u0119sa &#8211; \u015bwie\u017cych lub mro\u017conych &#8211; a tak\u017ce \u015bwie\u017cych dodatk\u00f3w wieprzowych. \u015aci\u015ble wsp\u00f3\u0142pracujemy z pierwszorz\u0119dnymi partnerami, aby zapewni\u0107, \u017ce zawsze otrzymujesz mi\u0119so najwy\u017cszej jako\u015bci. Specjalizujemy si\u0119 w eksporcie wieprzowiny z renomowanych polskich gospodarstw. Jednocze\u015bnie importujemy do Polski towary z r\u00f3\u017cnych...","protected":false},"author":1,"featured_media":0,"parent":0,"menu_order":0,"comment_status":"closed","ping_status":"closed","template":"","meta":{"footnotes":""},"class_list":["post-710","page","type-page","status-publish","hentry"],"_links":{"self":[{"href":"https:\/\/condescending-swirles.202-61-201-70.plesk.page\/pl\/wp-json\/wp\/v2\/pages\/710","targetHints":{"allow":["GET"]}}],"collection":[{"href":"https:\/\/condescending-swirles.202-61-201-70.plesk.page\/pl\/wp-json\/wp\/v2\/pages"}],"about":[{"href":"https:\/\/condescending-swirles.202-61-201-70.plesk.page\/pl\/wp-json\/wp\/v2\/types\/page"}],"author":[{"embeddable":true,"href":"https:\/\/condescending-swirles.202-61-201-70.plesk.page\/pl\/wp-json\/wp\/v2\/users\/1"}],"replies":[{"embeddable":true,"href":"https:\/\/condescending-swirles.202-61-201-70.plesk.page\/pl\/wp-json\/wp\/v2\/comments?post=710"}],"version-history":[{"count":4,"href":"https:\/\/condescending-swirles.202-61-201-70.plesk.page\/pl\/wp-json\/wp\/v2\/pages\/710\/revisions"}],"predecessor-version":[{"id":715,"href":"https:\/\/condescending-swirles.202-61-201-70.plesk.page\/pl\/wp-json\/wp\/v2\/pages\/710\/revisions\/715"}],"wp:attachment":[{"href":"https:\/\/condescending-swirles.202-61-201-70.plesk.page\/pl\/wp-json\/wp\/v2\/media?parent=710"}],"curies":[{"name":"wp","href":"https:\/\/api.w.org\/{rel}","templated":true}]}}