{"id":713,"date":"2023-08-30T11:57:26","date_gmt":"2023-08-30T11:57:26","guid":{"rendered":"https:\/\/condescending-swirles.202-61-201-70.plesk.page\/tradycja\/"},"modified":"2023-08-31T15:49:42","modified_gmt":"2023-08-31T15:49:42","slug":"tradycja","status":"publish","type":"page","link":"https:\/\/condescending-swirles.202-61-201-70.plesk.page\/pl\/tradycja\/","title":{"rendered":"Tradycja"},"content":{"rendered":"<section class=\"l-section wpb_row height_custom color_primary with_img with_shape\"><div class=\"l-section-img\" role=\"img\" data-img-width=\"2560\" data-img-height=\"1703\" style=\"background-image: url(https:\/\/condescending-swirles.202-61-201-70.plesk.page\/wp-content\/uploads\/2023\/08\/prime-t-bone-beef-meat-steak-raw-porterhouse-stea-2022-02-04-18-20-47-utc-scaled.jpg);\"><\/div><div class=\"l-section-overlay\" style=\"background:rgba(0,0,0,0.40)\"><\/div><div class=\"l-section-shape type_wave pos_bottom\" style=\"height:8vmax;\"><svg xmlns=\"http:\/\/www.w3.org\/2000\/svg\" viewBox=\"0 4 64 4\" preserveAspectRatio=\"none\" width=\"100%\" height=\"100%\">\r\n\t<path fill=\"currentColor\" d=\"M64 6 C32 0 32 12 0 6 L0 8 L64 8 Z\"\/>\r\n<\/svg><\/div><div class=\"l-section-h i-cf\"><div class=\"g-cols vc_row via_grid cols_1 laptops-cols_inherit tablets-cols_inherit mobiles-cols_1 valign_top type_default stacking_default\"><div class=\"wpb_column vc_column_container\"><div class=\"vc_column-inner\"><h1 class=\"w-text us_custom_34aef4c0\"><span url class=\"w-text-h\"><span class=\"w-text-value\">Tradycja<\/span><\/span><\/h1><div class=\"w-separator size_custom\" style=\"height:8vmax\"><\/div><\/div><\/div><\/div><\/div><\/section><section class=\"l-section wpb_row height_custom\" id=\"section-01\"><div class=\"l-section-h i-cf\"><div class=\"g-cols vc_row via_grid cols_2 laptops-cols_inherit tablets-cols_inherit mobiles-cols_1 valign_top type_default stacking_default\" style=\"grid-gap:4vw;\"><div class=\"wpb_column vc_column_container us_custom_33b9ee00\"><div class=\"vc_column-inner\"><h2 class=\"w-text\"><span url class=\"w-text-h\"><span class=\"w-text-value\">Nasza historia<\/span><\/span><\/h2><\/div><\/div><div class=\"wpb_column vc_column_container\"><div class=\"vc_column-inner\"><div class=\"wpb_text_column\"><div class=\"wpb_wrapper\"><p>Ponad sze\u015b\u0107 dekad temu m\u00f3j dziadek po\u0142o\u017cy\u0142 podwaliny pod nasz\u0105 tradycj\u0119 w handlu mi\u0119sem. Jego kariera rozpocz\u0119\u0142a si\u0119 od handlu \u017cywym inwentarzem, uboju, rozbioru i sprzeda\u017cy wysokiej jako\u015bci mi\u0119sa. Nauczy\u0142 tego rzemios\u0142a tak\u017ce mojego ojca i w ten spos\u00f3b nasza rodzina z pokolenia na pokolenie zakorzeni\u0142a si\u0119 w bran\u017cy mi\u0119snej.<\/p>\n<p>M\u00f3j ojciec kontynuowa\u0142 t\u0119 tradycj\u0119, wykorzystuj\u0105c m\u0105dro\u015b\u0107 i umiej\u0119tno\u015bci swojego ojca oraz rozwijaj\u0105c nasz\u0105 wiedz\u0119 i umiej\u0119tno\u015bci w bran\u017cy mi\u0119snej. Historie i do\u015bwiadczenia, kt\u00f3re zebra\u0142 przez ponad cztery dekady, s\u0105 skarbem, kt\u00f3rego strze\u017cemy i szanujemy.<\/p>\n<p>Maj\u0105c korzenie w Polsce i Niemczech, jeste\u015bmy dumni, \u017ce mo\u017cemy czerpa\u0107 zar\u00f3wno z lokalnych tradycji, jak i mi\u0119dzynarodowych powi\u0105za\u0144. \u0141\u0105czymy to, co najlepsze z obu \u015bwiat\u00f3w i wykorzystujemy nasze wieloletnie do\u015bwiadczenie w eksporcie i imporcie mi\u0119sa, aby oferowa\u0107 naszym klientom doskona\u0142e produkty.<\/p>\n<\/div><\/div><\/div><\/div><\/div><\/div><\/section><section class=\"l-section wpb_row height_medium\" id=\"section-04\"><div class=\"l-section-h i-cf\"><div class=\"g-cols vc_row via_grid cols_1 laptops-cols_inherit tablets-cols_inherit mobiles-cols_1 valign_bottom type_default stacking_default\"><div class=\"wpb_column vc_column_container\"><div class=\"vc_column-inner\"><div class=\"w-text us_custom_8030b8b8 has_text_color\"><span url class=\"w-text-h\"><span class=\"w-text-value\">TRADYCJA W SERCU<\/span><\/span><\/div><div class=\"w-separator size_large\"><\/div><\/div><\/div><\/div><\/div><\/section><section class=\"l-section wpb_row height_custom with_img\" id=\"section-02\"><div class=\"l-section-img\" role=\"img\" data-img-width=\"2406\" data-img-height=\"1606\" style=\"background-image: url(https:\/\/condescending-swirles.202-61-201-70.plesk.page\/wp-content\/uploads\/2023\/08\/assortment-of-various-types-of-meat-20222-01-18-23-44-40-utc.jpg);\"><\/div><div class=\"l-section-overlay\" style=\"background:rgba(255,255,255,0.85)\"><\/div><div class=\"l-section-h i-cf\"><div class=\"g-cols vc_row via_grid cols_3 laptops-cols_1 tablets-cols_inherit mobiles-cols_1 valign_top type_default stacking_default\"><div class=\"wpb_column vc_column_container\"><div class=\"vc_column-inner\"><div class=\"wpb_text_column us_custom_d98eb4eb\"><div class=\"wpb_wrapper\"><h2><strong>Nasza obietnica<\/strong><\/h2>\n<\/div><\/div><\/div><\/div><div class=\"wpb_column vc_column_container\"><div class=\"vc_column-inner\"><div class=\"wpb_text_column us_custom_d98eb4eb\"><div class=\"wpb_wrapper\"><p>Tradycja w sercu to dla nas nie tylko rodzinna historia, ale dziedzictwo, kt\u00f3rym \u017cyjemy z dum\u0105 ka\u017cdego dnia. W czasach, gdy rzemios\u0142o i autentyczno\u015b\u0107 cz\u0119sto schodz\u0105 na dalszy plan, trzymamy si\u0119 naszych korzeni. Nasze zaanga\u017cowanie w jako\u015b\u0107, dobrostan zwierz\u0105t i zachowanie tradycji nap\u0119dza nas.<\/p>\n<\/div><\/div><\/div><\/div><div class=\"wpb_column vc_column_container\"><div class=\"vc_column-inner\"><div class=\"wpb_text_column us_custom_d98eb4eb\"><div class=\"wpb_wrapper\"><p>Dzi\u015b jestem trzecim pokoleniem, kt\u00f3re prowadzi firm\u0119 zbudowan\u0105 na podstawowych warto\u015bciach naszej rodziny. Nasza pasja do mi\u0119sa, odpowiedzialno\u015b\u0107 wobec klient\u00f3w i dba\u0142o\u015b\u0107 o szczeg\u00f3\u0142y s\u0105 si\u0142\u0105 nap\u0119dow\u0105 naszej firmy. Tradycja to nasza obietnica &#8211; wysokiej jako\u015bci mi\u0119so, zakorzenione w historii i \u017cywe w ka\u017cdej dostawie.<\/p>\n<\/div><\/div><\/div><\/div><\/div><\/div><\/section><section class=\"l-section wpb_row height_custom\" id=\"section-03\"><div class=\"l-section-h i-cf\"><div class=\"g-cols vc_row via_grid cols_1 laptops-cols_inherit tablets-cols_inherit mobiles-cols_1 valign_top type_default stacking_default\"><div class=\"wpb_column vc_column_container\"><div class=\"vc_column-inner\"><h2 class=\"w-text us_custom_e22d6cb6\"><span url class=\"w-text-h\"><span class=\"w-text-value\">Z niecierpliwo\u015bci\u0105 czekamy na Ciebie<\/span><\/span><\/h2><div class=\"w-separator size_medium\"><\/div><div class=\"wpb_text_column us_custom_f51e26ff\"><div class=\"wpb_wrapper\"><p style=\"text-align: center;\">Masz konkretne \u017cyczenia? Nie wahaj si\u0119 skontaktowa\u0107 z nami za po\u015brednictwem naszego formularza kontaktowego lub bezpo\u015bredniego po\u0142\u0105czenia telefonicznego. Jeste\u015bmy tutaj, aby Ci pom\u00f3c.<\/p>\n<\/div><\/div><div class=\"w-separator size_medium\"><\/div><div class=\"w-hwrapper valign_top wrap align_center\"><div class=\"w-btn-wrapper align_none\"><a class=\"w-btn us-btn-style_1 us_custom_b4198c51 icon_atleft\" href=\"mailto:info@dewit-meat.com\"><i class=\"far fa-envelope\"><\/i><span class=\"w-btn-label\">Wy\u015blij wiadomo\u015b\u0107 e-mail<\/span><\/a><\/div><div class=\"w-btn-wrapper align_none\"><a class=\"w-btn us-btn-style_1 us_custom_b4198c51 icon_atleft\" href=\"https:\/\/wa.me\/+48602590566\"><i class=\"fab fa-whatsapp\"><\/i><span class=\"w-btn-label\">Tekst przez WhatsApp<\/span><\/a><\/div><\/div><\/div><\/div><\/div><\/div><\/section>\n","protected":false},"excerpt":{"rendered":"TradycjaNasza historiaPonad sze\u015b\u0107 dekad temu m\u00f3j dziadek po\u0142o\u017cy\u0142 podwaliny pod nasz\u0105 tradycj\u0119 w handlu mi\u0119sem. Jego kariera rozpocz\u0119\u0142a si\u0119 od handlu \u017cywym inwentarzem, uboju, rozbioru i sprzeda\u017cy wysokiej jako\u015bci mi\u0119sa. Nauczy\u0142 tego rzemios\u0142a tak\u017ce mojego ojca i w ten spos\u00f3b nasza rodzina z pokolenia na pokolenie zakorzeni\u0142a si\u0119 w bran\u017cy mi\u0119snej. M\u00f3j ojciec kontynuowa\u0142 t\u0119...","protected":false},"author":1,"featured_media":0,"parent":0,"menu_order":0,"comment_status":"closed","ping_status":"closed","template":"","meta":{"footnotes":""},"class_list":["post-713","page","type-page","status-publish","hentry"],"_links":{"self":[{"href":"https:\/\/condescending-swirles.202-61-201-70.plesk.page\/pl\/wp-json\/wp\/v2\/pages\/713","targetHints":{"allow":["GET"]}}],"collection":[{"href":"https:\/\/condescending-swirles.202-61-201-70.plesk.page\/pl\/wp-json\/wp\/v2\/pages"}],"about":[{"href":"https:\/\/condescending-swirles.202-61-201-70.plesk.page\/pl\/wp-json\/wp\/v2\/types\/page"}],"author":[{"embeddable":true,"href":"https:\/\/condescending-swirles.202-61-201-70.plesk.page\/pl\/wp-json\/wp\/v2\/users\/1"}],"replies":[{"embeddable":true,"href":"https:\/\/condescending-swirles.202-61-201-70.plesk.page\/pl\/wp-json\/wp\/v2\/comments?post=713"}],"version-history":[{"count":8,"href":"https:\/\/condescending-swirles.202-61-201-70.plesk.page\/pl\/wp-json\/wp\/v2\/pages\/713\/revisions"}],"predecessor-version":[{"id":768,"href":"https:\/\/condescending-swirles.202-61-201-70.plesk.page\/pl\/wp-json\/wp\/v2\/pages\/713\/revisions\/768"}],"wp:attachment":[{"href":"https:\/\/condescending-swirles.202-61-201-70.plesk.page\/pl\/wp-json\/wp\/v2\/media?parent=713"}],"curies":[{"name":"wp","href":"https:\/\/api.w.org\/{rel}","templated":true}]}}