{"id":719,"date":"2022-03-25T11:15:43","date_gmt":"2022-03-25T11:15:43","guid":{"rendered":"https:\/\/condescending-swirles.202-61-201-70.plesk.page\/odpowiedzialnosc\/"},"modified":"2023-08-31T14:47:45","modified_gmt":"2023-08-31T14:47:45","slug":"odpowiedzialnosc","status":"publish","type":"page","link":"https:\/\/condescending-swirles.202-61-201-70.plesk.page\/pl\/odpowiedzialnosc\/","title":{"rendered":"Odpowiedzialno\u015b\u0107"},"content":{"rendered":"<section class=\"l-section wpb_row height_custom color_primary with_img with_shape\"><div class=\"l-section-img\" role=\"img\" data-img-width=\"2560\" data-img-height=\"1703\" style=\"background-image: url(https:\/\/condescending-swirles.202-61-201-70.plesk.page\/wp-content\/uploads\/2023\/07\/lamb-or-mutton-neck-meat-raw-boneless-meat-in-woo-2022-02-03-21-23-21-utc-scaled.jpg);\"><\/div><div class=\"l-section-overlay\" style=\"background:rgba(0,0,0,0.40)\"><\/div><div class=\"l-section-shape type_wave pos_bottom\" style=\"height:8vmax;\"><svg xmlns=\"http:\/\/www.w3.org\/2000\/svg\" viewBox=\"0 4 64 4\" preserveAspectRatio=\"none\" width=\"100%\" height=\"100%\">\r\n\t<path fill=\"currentColor\" d=\"M64 6 C32 0 32 12 0 6 L0 8 L64 8 Z\"\/>\r\n<\/svg><\/div><div class=\"l-section-h i-cf\"><div class=\"g-cols vc_row via_grid cols_1 laptops-cols_inherit tablets-cols_inherit mobiles-cols_1 valign_top type_default stacking_default\"><div class=\"wpb_column vc_column_container\"><div class=\"vc_column-inner\"><h1 class=\"w-text us_custom_34aef4c0\"><span url class=\"w-text-h\"><span class=\"w-text-value\">Odpowiedzialno\u015b\u0107<\/span><\/span><\/h1><div class=\"w-separator size_custom\" style=\"height:8vmax\"><\/div><\/div><\/div><\/div><\/div><\/section><section class=\"l-section wpb_row height_custom\"><div class=\"l-section-h i-cf\"><div class=\"g-cols vc_row via_grid cols_1 laptops-cols_inherit tablets-cols_inherit mobiles-cols_1 valign_middle type_default stacking_default\"><div class=\"wpb_column vc_column_container\"><div class=\"vc_column-inner\"><div class=\"g-cols wpb_row via_grid cols_2 laptops-cols_inherit tablets-cols_1 mobiles-cols_1 valign_middle type_default stacking_default\"><div class=\"wpb_column vc_column_container\"><div class=\"vc_column-inner\"><div class=\"wpb_text_column\"><div class=\"wpb_wrapper\"><h2>Wsp\u00f3lna odpowiedzialno\u015b\u0107 za doskona\u0142o\u015b\u0107<\/h2>\n<p>W Dewit bierzemy odpowiedzialno\u015b\u0107 za ka\u017cdy aspekt naszej dzia\u0142alno\u015bci. Nasze warto\u015bci znajduj\u0105 odzwierciedlenie w partnerstwie z producentami, naszym zaanga\u017cowaniu w zr\u00f3wnowa\u017cony rozw\u00f3j i naszym zaanga\u017cowaniu w najwy\u017csze standardy jako\u015bci.<\/p>\n<\/div><\/div><\/div><\/div><div class=\"wpb_column vc_column_container\"><div class=\"vc_column-inner\"><div class=\"w-image us_custom_9cf479d2 align_none\"><div url class=\"w-image-h\"><img loading=\"lazy\" decoding=\"async\" width=\"1024\" height=\"683\" src=\"https:\/\/condescending-swirles.202-61-201-70.plesk.page\/wp-content\/uploads\/2023\/08\/butcher-cutting-meat-at-the-manufacturing-2022-05-11-02-56-16-utc-1024x683.jpg\" class=\"attachment-large size-large\" alt=\"\" srcset=\"https:\/\/condescending-swirles.202-61-201-70.plesk.page\/wp-content\/uploads\/2023\/08\/butcher-cutting-meat-at-the-manufacturing-2022-05-11-02-56-16-utc-1024x683.jpg 1024w, https:\/\/condescending-swirles.202-61-201-70.plesk.page\/wp-content\/uploads\/2023\/08\/butcher-cutting-meat-at-the-manufacturing-2022-05-11-02-56-16-utc-300x200.jpg 300w\" sizes=\"auto, (max-width: 1024px) 100vw, 1024px\" \/><\/div><\/div><\/div><\/div><\/div><div class=\"w-separator size_custom\" style=\"height:6.5vmax\"><\/div><div class=\"g-cols wpb_row via_grid cols_2 laptops-cols_inherit tablets-cols_1 mobiles-cols_1 valign_middle type_default reversed\"><div class=\"wpb_column vc_column_container\"><div class=\"vc_column-inner\"><div class=\"w-image us_custom_9cf479d2 align_none\"><div url class=\"w-image-h\"><img loading=\"lazy\" decoding=\"async\" width=\"1024\" height=\"683\" src=\"https:\/\/condescending-swirles.202-61-201-70.plesk.page\/wp-content\/uploads\/2023\/08\/butcher-holding-red-box-full-with-raw-pork-2022-05-11-02-57-26-utc-1024x683.jpg\" class=\"attachment-large size-large\" alt=\"\" srcset=\"https:\/\/condescending-swirles.202-61-201-70.plesk.page\/wp-content\/uploads\/2023\/08\/butcher-holding-red-box-full-with-raw-pork-2022-05-11-02-57-26-utc-1024x683.jpg 1024w, https:\/\/condescending-swirles.202-61-201-70.plesk.page\/wp-content\/uploads\/2023\/08\/butcher-holding-red-box-full-with-raw-pork-2022-05-11-02-57-26-utc-300x200.jpg 300w\" sizes=\"auto, (max-width: 1024px) 100vw, 1024px\" \/><\/div><\/div><\/div><\/div><div class=\"wpb_column vc_column_container\"><div class=\"vc_column-inner\"><div class=\"wpb_text_column\"><div class=\"wpb_wrapper\"><h2>Odpowiedzialni producenci:<\/h2>\n<p>Starannie dobieramy partner\u00f3w, kt\u00f3rzy podzielaj\u0105 nasze warto\u015bci. Wsp\u00f3lnie anga\u017cujemy si\u0119 w etyczne procesy uboju i rozbioru, kt\u00f3re spe\u0142niaj\u0105 najwy\u017csze standardy dobrostanu zwierz\u0105t. Partnerstwa te zapewniaj\u0105 nie tylko najwy\u017cszej jako\u015bci mi\u0119so, ale tak\u017ce odpowiedzialne metody produkcji.<\/p>\n<\/div><\/div><\/div><\/div><\/div><\/div><\/div><\/div><\/div><\/section><section class=\"l-section wpb_row height_huge\" id=\"section-03\"><div class=\"l-section-overlay\" style=\"background:linear-gradient(0deg,rgba(0,0,0,0.00),rgba(0,0,0,0.05))\"><\/div><div class=\"l-section-h i-cf\"><div class=\"g-cols vc_row via_grid cols_2 laptops-cols_inherit tablets-cols_inherit mobiles-cols_1 valign_top type_default stacking_default\"><div class=\"wpb_column vc_column_container\"><div class=\"vc_column-inner\"><h2 class=\"w-text\"><span url class=\"w-text-h\"><span class=\"w-text-value\">Zr\u00f3wnowa\u017cony rozw\u00f3j, jako\u015b\u0107 i orientacja na klienta<\/span><\/span><\/h2><\/div><\/div><div class=\"wpb_column vc_column_container\"><div class=\"vc_column-inner\"><div class=\"wpb_text_column with_collapsible_content\" data-content-height=\"300px\"><div class=\"wpb_wrapper\"><p>Zr\u00f3wnowa\u017cony rozw\u00f3j: Nasza odpowiedzialno\u015b\u0107 obejmuje r\u00f3wnie\u017c \u015brodowisko naturalne. D\u0105\u017cymy do stosowania zr\u00f3wnowa\u017conych praktyk, od zaopatrzenia po dostaw\u0119. Dzi\u0119ki przyjaznej dla \u015brodowiska logistyce i pakowaniu minimalizujemy nasz \u015blad ekologiczny, aby chroni\u0107 nasz\u0105 planet\u0119 dla przysz\u0142ych pokole\u0144.<\/p>\n<p>Jako\u015b\u0107 i bezpiecze\u0144stwo: Odpowiedzialno\u015b\u0107 za doskona\u0142o\u015b\u0107 jest integraln\u0105 cz\u0119\u015bci\u0105 naszej misji. Poddajemy nasze produkty rygorystycznym kontrolom jako\u015bci i oferujemy wy\u0142\u0105cznie mi\u0119so najwy\u017cszej jako\u015bci. Bezpiecze\u0144stwo naszych klient\u00f3w jest naszym najwy\u017cszym priorytetem &#8211; koncentrujemy si\u0119 na przejrzysto\u015bci i jasnym dowodzie pochodzenia.<\/p>\n<p>Orientacja na klienta: Odpowiedzialno\u015b\u0107 oznacza reagowanie na potrzeby klient\u00f3w. Nasz dedykowany zesp\u00f3\u0142 jest gotowy sprosta\u0107 indywidualnym wymaganiom &#8211; niezale\u017cnie od tego, czy chodzi o ci\u0119cie, pakowanie czy logistyk\u0119. Twoje zaufanie jest dla nas motywacj\u0105, by zawsze stawa\u0107 si\u0119 lepszym.<\/p>\n<p>Wsp\u00f3lna wizja: Nasza odpowiedzialno\u015b\u0107 wykracza poza nasz\u0105 firm\u0119. Wsp\u00f3lnie z naszymi klientami, producentami i spo\u0142ecze\u0144stwem ponosimy odpowiedzialno\u015b\u0107 za kszta\u0142towanie zr\u00f3wnowa\u017conego i etycznego przemys\u0142u mi\u0119snego. Nasz\u0105 wsp\u00f3ln\u0105 wizj\u0119 charakteryzuje zaufanie, jako\u015b\u0107 i d\u0105\u017cenie do post\u0119pu.<\/p>\n<p>Razem jeste\u015bmy odpowiedzialni za doskona\u0142e produkty, etyczne praktyki i obiecuj\u0105c\u0105 przysz\u0142o\u015b\u0107. W Dewit odpowiedzialno\u015b\u0107 nie jest tylko obietnic\u0105, ale motorem, kt\u00f3ry nap\u0119dza nas do stawania si\u0119 lepszymi ka\u017cdego dnia.<\/p>\n<\/div><div class=\"toggle-links align_none\"><button class=\"collapsible-content-more\">Show More<\/button><button class=\"collapsible-content-less\">Show Less<\/button><\/div><\/div><\/div><\/div><\/div><\/div><\/section><section class=\"l-section wpb_row height_custom full_height valign_center color_primary with_img with_shape\"><div class=\"l-section-img\" role=\"img\" data-img-width=\"2560\" data-img-height=\"1703\" style=\"background-image: url(https:\/\/condescending-swirles.202-61-201-70.plesk.page\/wp-content\/uploads\/2023\/08\/uncooked-raw-chicken-wings-poultry-meat-on-a-butch-2021-12-09-04-25-06-utc-scaled.jpg);\"><\/div><div class=\"l-section-overlay\" style=\"background:rgba(0,0,0,0.40)\"><\/div><div class=\"l-section-shape type_wave pos_top hor_flip\" style=\"height:8vmax;\"><svg xmlns=\"http:\/\/www.w3.org\/2000\/svg\" viewBox=\"0 4 64 4\" preserveAspectRatio=\"none\" width=\"100%\" height=\"100%\">\r\n\t<path fill=\"currentColor\" d=\"M64 6 C32 0 32 12 0 6 L0 8 L64 8 Z\"\/>\r\n<\/svg><\/div><div class=\"l-section-shape type_wave pos_bottom\" style=\"height:8vmax;color:var(--color-footer-bg)\"><svg xmlns=\"http:\/\/www.w3.org\/2000\/svg\" viewBox=\"0 4 64 4\" preserveAspectRatio=\"none\" width=\"100%\" height=\"100%\">\r\n\t<path fill=\"currentColor\" d=\"M64 6 C32 0 32 12 0 6 L0 8 L64 8 Z\"\/>\r\n<\/svg><\/div><div class=\"l-section-h i-cf\"><div class=\"g-cols vc_row via_grid cols_1 laptops-cols_inherit tablets-cols_inherit mobiles-cols_1 valign_top type_default stacking_default\"><div class=\"wpb_column vc_column_container\"><div class=\"vc_column-inner\"><h2 class=\"w-text us_custom_e22d6cb6\"><span url class=\"w-text-h\"><span class=\"w-text-value\">Z niecierpliwo\u015bci\u0105 czekamy na Ciebie<\/span><\/span><\/h2><div class=\"w-separator size_medium\"><\/div><div class=\"wpb_text_column us_custom_f51e26ff\"><div class=\"wpb_wrapper\"><p style=\"text-align: center;\">Masz konkretne \u017cyczenia? Nie wahaj si\u0119 skontaktowa\u0107 z nami za po\u015brednictwem naszego formularza kontaktowego lub bezpo\u015bredniego po\u0142\u0105czenia telefonicznego. Jeste\u015bmy tutaj, aby Ci pom\u00f3c.<\/p>\n<\/div><\/div><div class=\"w-separator size_medium\"><\/div><div class=\"w-hwrapper valign_top wrap align_center\"><div class=\"w-btn-wrapper align_none\"><a class=\"w-btn us-btn-style_1 us_custom_b4198c51 icon_atleft\" href=\"mailto:info@dewit-meat.com \"><i class=\"far fa-envelope\"><\/i><span class=\"w-btn-label\">Wy\u015blij wiadomo\u015b\u0107 e-mail<\/span><\/a><\/div><div class=\"w-btn-wrapper align_none\"><a class=\"w-btn us-btn-style_1 us_custom_b4198c51 icon_atleft\" href=\"https:\/\/wa.me\/+48602590566\"><i class=\"fab fa-whatsapp\"><\/i><span class=\"w-btn-label\">Tekst przez WhatsApp<\/span><\/a><\/div><\/div><\/div><\/div><\/div><\/div><\/section>\n","protected":false},"excerpt":{"rendered":"Odpowiedzialno\u015b\u0107Wsp\u00f3lna odpowiedzialno\u015b\u0107 za doskona\u0142o\u015b\u0107 W Dewit bierzemy odpowiedzialno\u015b\u0107 za ka\u017cdy aspekt naszej dzia\u0142alno\u015bci. Nasze warto\u015bci znajduj\u0105 odzwierciedlenie w partnerstwie z producentami, naszym zaanga\u017cowaniu w zr\u00f3wnowa\u017cony rozw\u00f3j i naszym zaanga\u017cowaniu w najwy\u017csze standardy jako\u015bci. Odpowiedzialni producenci: Starannie dobieramy partner\u00f3w, kt\u00f3rzy podzielaj\u0105 nasze warto\u015bci. Wsp\u00f3lnie anga\u017cujemy si\u0119 w etyczne procesy uboju i rozbioru, kt\u00f3re spe\u0142niaj\u0105 najwy\u017csze standardy...","protected":false},"author":1,"featured_media":0,"parent":0,"menu_order":0,"comment_status":"closed","ping_status":"closed","template":"","meta":{"footnotes":""},"class_list":["post-719","page","type-page","status-publish","hentry"],"_links":{"self":[{"href":"https:\/\/condescending-swirles.202-61-201-70.plesk.page\/pl\/wp-json\/wp\/v2\/pages\/719","targetHints":{"allow":["GET"]}}],"collection":[{"href":"https:\/\/condescending-swirles.202-61-201-70.plesk.page\/pl\/wp-json\/wp\/v2\/pages"}],"about":[{"href":"https:\/\/condescending-swirles.202-61-201-70.plesk.page\/pl\/wp-json\/wp\/v2\/types\/page"}],"author":[{"embeddable":true,"href":"https:\/\/condescending-swirles.202-61-201-70.plesk.page\/pl\/wp-json\/wp\/v2\/users\/1"}],"replies":[{"embeddable":true,"href":"https:\/\/condescending-swirles.202-61-201-70.plesk.page\/pl\/wp-json\/wp\/v2\/comments?post=719"}],"version-history":[{"count":2,"href":"https:\/\/condescending-swirles.202-61-201-70.plesk.page\/pl\/wp-json\/wp\/v2\/pages\/719\/revisions"}],"predecessor-version":[{"id":721,"href":"https:\/\/condescending-swirles.202-61-201-70.plesk.page\/pl\/wp-json\/wp\/v2\/pages\/719\/revisions\/721"}],"wp:attachment":[{"href":"https:\/\/condescending-swirles.202-61-201-70.plesk.page\/pl\/wp-json\/wp\/v2\/media?parent=719"}],"curies":[{"name":"wp","href":"https:\/\/api.w.org\/{rel}","templated":true}]}}