{"id":722,"date":"2023-08-23T08:42:56","date_gmt":"2023-08-23T08:42:56","guid":{"rendered":"https:\/\/condescending-swirles.202-61-201-70.plesk.page\/handel-zywym-inwentarzem\/"},"modified":"2023-08-31T14:49:07","modified_gmt":"2023-08-31T14:49:07","slug":"handel-zywym-inwentarzem","status":"publish","type":"page","link":"https:\/\/condescending-swirles.202-61-201-70.plesk.page\/pl\/handel-zywym-inwentarzem\/","title":{"rendered":"Handel \u017cywym inwentarzem"},"content":{"rendered":"<section class=\"l-section wpb_row height_custom color_primary with_video with_vimeo with_shape\"><style>@media(max-width:600px){#us_bg_video_scfa{display:none!important}}<\/style><div class=\"l-section-video\" id=\"us_bg_video_scfa\"><iframe title=\"Vimeo video player\" src=\"https:\/\/player.vimeo.com\/video\/859375043?autoplay=1&loop=1&muted=1&title=0&byline=0&background=1\" frameborder=\"0\" allow=\"autoplay; fullscreen\" allowfullscreen loading=\"lazy\"><\/iframe><\/div><div class=\"l-section-overlay\" style=\"background:rgba(0,0,0,0.40)\"><\/div><div class=\"l-section-shape type_wave pos_bottom\" style=\"height:8vmax;\"><svg xmlns=\"http:\/\/www.w3.org\/2000\/svg\" viewBox=\"0 4 64 4\" preserveAspectRatio=\"none\" width=\"100%\" height=\"100%\">\r\n\t<path fill=\"currentColor\" d=\"M64 6 C32 0 32 12 0 6 L0 8 L64 8 Z\"\/>\r\n<\/svg><\/div><div class=\"l-section-h i-cf\"><div class=\"g-cols vc_row via_grid cols_1 laptops-cols_inherit tablets-cols_inherit mobiles-cols_1 valign_top type_default stacking_default\"><div class=\"wpb_column vc_column_container\"><div class=\"vc_column-inner\"><h1 class=\"w-text us_custom_34aef4c0\"><span url class=\"w-text-h\"><span class=\"w-text-value\">Handel \u017cywym inwentarzem<\/span><\/span><\/h1><div class=\"w-separator size_custom\" style=\"height:8vmax\"><\/div><\/div><\/div><\/div><\/div><\/section><section class=\"l-section wpb_row height_auto\"><div class=\"l-section-h i-cf\"><div class=\"g-cols vc_row via_grid cols_1 laptops-cols_inherit tablets-cols_inherit mobiles-cols_1 valign_top type_default stacking_default\"><div class=\"wpb_column vc_column_container\"><div class=\"vc_column-inner\"><div class=\"w-separator size_custom\" style=\"height:6.5vmax\"><\/div><div class=\"wpb_text_column\"><div class=\"wpb_wrapper\"><h3>\u017bywe byd\u0142o<\/h3>\n<p>Nasze dzia\u0142ania w handlu \u017cywym byd\u0142em opieraj\u0105 si\u0119 na jasnych wytycznych i \u015bcis\u0142ej wsp\u00f3\u0142pracy. Polegamy na wiedzy i do\u015bwiadczeniu naszych starannie wyselekcjonowanych niemieckich hodowc\u00f3w i handlowc\u00f3w, kt\u00f3rzy zapewniaj\u0105 najwy\u017csze standardy dobrostanu i jako\u015bci zwierz\u0105t.<\/p>\n<p>Oferujemy szerok\u0105 gam\u0119 zwierz\u0105t, w tym byd\u0142o, ja\u0142\u00f3wki, m\u0142ode byki, go\u0142\u0119bie i kramarzy. K\u0142adziemy szczeg\u00f3lny nacisk na zapewnienie, \u017ce zwierz\u0119ta s\u0105 trzymane i transportowane w najlepszych warunkach.<br \/>\nTransport zwierz\u0105t jest indywidualnie dostosowywany do potrzeb i wymaga\u0144 naszych klient\u00f3w. W ten spos\u00f3b zapewniamy, \u017ce zwierz\u0119ta dotr\u0105 do miejsca przeznaczenia bezstresowo i bezpiecznie.<br \/>\nNasza udana wsp\u00f3\u0142praca z partnerami w handlu \u017cywym inwentarzem opiera si\u0119 na zaufaniu, jako\u015bci i wsp\u00f3lnym celu, jakim jest zapewnienie dobrostanu zwierz\u0105t i utrzymanie najwy\u017cszych standard\u00f3w.<\/p>\n<\/div><\/div><div class=\"w-separator size_custom\" style=\"height:6.5vmax\"><\/div><\/div><\/div><\/div><\/div><\/section>\n","protected":false},"excerpt":{"rendered":"Handel \u017cywym inwentarzem\u017bywe byd\u0142o Nasze dzia\u0142ania w handlu \u017cywym byd\u0142em opieraj\u0105 si\u0119 na jasnych wytycznych i \u015bcis\u0142ej wsp\u00f3\u0142pracy. Polegamy na wiedzy i do\u015bwiadczeniu naszych starannie wyselekcjonowanych niemieckich hodowc\u00f3w i handlowc\u00f3w, kt\u00f3rzy zapewniaj\u0105 najwy\u017csze standardy dobrostanu i jako\u015bci zwierz\u0105t. Oferujemy szerok\u0105 gam\u0119 zwierz\u0105t, w tym byd\u0142o, ja\u0142\u00f3wki, m\u0142ode byki, go\u0142\u0119bie i kramarzy. K\u0142adziemy szczeg\u00f3lny nacisk na...","protected":false},"author":1,"featured_media":0,"parent":0,"menu_order":0,"comment_status":"closed","ping_status":"closed","template":"","meta":{"footnotes":""},"class_list":["post-722","page","type-page","status-publish","hentry"],"_links":{"self":[{"href":"https:\/\/condescending-swirles.202-61-201-70.plesk.page\/pl\/wp-json\/wp\/v2\/pages\/722","targetHints":{"allow":["GET"]}}],"collection":[{"href":"https:\/\/condescending-swirles.202-61-201-70.plesk.page\/pl\/wp-json\/wp\/v2\/pages"}],"about":[{"href":"https:\/\/condescending-swirles.202-61-201-70.plesk.page\/pl\/wp-json\/wp\/v2\/types\/page"}],"author":[{"embeddable":true,"href":"https:\/\/condescending-swirles.202-61-201-70.plesk.page\/pl\/wp-json\/wp\/v2\/users\/1"}],"replies":[{"embeddable":true,"href":"https:\/\/condescending-swirles.202-61-201-70.plesk.page\/pl\/wp-json\/wp\/v2\/comments?post=722"}],"version-history":[{"count":2,"href":"https:\/\/condescending-swirles.202-61-201-70.plesk.page\/pl\/wp-json\/wp\/v2\/pages\/722\/revisions"}],"predecessor-version":[{"id":724,"href":"https:\/\/condescending-swirles.202-61-201-70.plesk.page\/pl\/wp-json\/wp\/v2\/pages\/722\/revisions\/724"}],"wp:attachment":[{"href":"https:\/\/condescending-swirles.202-61-201-70.plesk.page\/pl\/wp-json\/wp\/v2\/media?parent=722"}],"curies":[{"name":"wp","href":"https:\/\/api.w.org\/{rel}","templated":true}]}}