{"id":725,"date":"2023-08-30T12:40:04","date_gmt":"2023-08-30T12:40:04","guid":{"rendered":"https:\/\/condescending-swirles.202-61-201-70.plesk.page\/wizja\/"},"modified":"2023-08-31T14:50:02","modified_gmt":"2023-08-31T14:50:02","slug":"wizja","status":"publish","type":"page","link":"https:\/\/condescending-swirles.202-61-201-70.plesk.page\/pl\/wizja\/","title":{"rendered":"Wizja"},"content":{"rendered":"<section class=\"l-section wpb_row height_custom color_primary with_img with_shape\"><div class=\"l-section-img\" role=\"img\" data-img-width=\"2560\" data-img-height=\"1703\" style=\"background-image: url(https:\/\/condescending-swirles.202-61-201-70.plesk.page\/wp-content\/uploads\/2023\/08\/prime-t-bone-beef-meat-steak-raw-porterhouse-stea-2022-09-21-03-38-53-utc-scaled.jpg);\"><\/div><div class=\"l-section-overlay\" style=\"background:rgba(0,0,0,0.40)\"><\/div><div class=\"l-section-shape type_wave pos_bottom\" style=\"height:8vmax;\"><svg xmlns=\"http:\/\/www.w3.org\/2000\/svg\" viewBox=\"0 4 64 4\" preserveAspectRatio=\"none\" width=\"100%\" height=\"100%\">\r\n\t<path fill=\"currentColor\" d=\"M64 6 C32 0 32 12 0 6 L0 8 L64 8 Z\"\/>\r\n<\/svg><\/div><div class=\"l-section-h i-cf\"><div class=\"g-cols vc_row via_grid cols_1 laptops-cols_inherit tablets-cols_inherit mobiles-cols_1 valign_top type_default stacking_default\"><div class=\"wpb_column vc_column_container\"><div class=\"vc_column-inner\"><h1 class=\"w-text us_custom_34aef4c0\"><span url class=\"w-text-h\"><span class=\"w-text-value\">Wizja<\/span><\/span><\/h1><div class=\"w-separator size_custom\" style=\"height:8vmax\"><\/div><\/div><\/div><\/div><\/div><\/section><section class=\"l-section wpb_row height_custom\" id=\"section-02\"><div class=\"l-section-h i-cf\"><div class=\"g-cols vc_row via_grid cols_3 laptops-cols_1 tablets-cols_inherit mobiles-cols_1 valign_top type_default stacking_default\"><div class=\"wpb_column vc_column_container\"><div class=\"vc_column-inner\"><div class=\"wpb_text_column us_custom_d98eb4eb\"><div class=\"wpb_wrapper\"><h2><strong>Nasza wsp\u00f3lna wizja<\/strong><\/h2>\n<\/div><\/div><\/div><\/div><div class=\"wpb_column vc_column_container\"><div class=\"vc_column-inner\"><div class=\"wpb_text_column us_custom_d98eb4eb\"><div class=\"wpb_wrapper\"><p>Nasza odpowiedzialno\u015b\u0107 wykracza poza nasz\u0105 firm\u0119. Wsp\u00f3lnie z naszymi klientami, producentami i spo\u0142ecze\u0144stwem ponosimy odpowiedzialno\u015b\u0107 za kszta\u0142towanie zr\u00f3wnowa\u017conego i etycznego przemys\u0142u mi\u0119snego. Nasz\u0105 wsp\u00f3ln\u0105 wizj\u0119 charakteryzuje zaufanie, jako\u015b\u0107 i d\u0105\u017cenie do post\u0119pu.<\/p>\n<\/div><\/div><\/div><\/div><div class=\"wpb_column vc_column_container\"><div class=\"vc_column-inner\"><div class=\"wpb_text_column us_custom_d98eb4eb\"><div class=\"wpb_wrapper\"><p>Razem jeste\u015bmy odpowiedzialni za doskona\u0142e produkty, etyczne praktyki i obiecuj\u0105c\u0105 przysz\u0142o\u015b\u0107. W Dewit odpowiedzialno\u015b\u0107 nie jest tylko obietnic\u0105, ale motorem, kt\u00f3ry nap\u0119dza nas do stawania si\u0119 lepszymi ka\u017cdego dnia.<\/p>\n<\/div><\/div><\/div><\/div><\/div><\/div><\/section><section class=\"l-section wpb_row height_auto\"><div class=\"l-section-h i-cf\"><div class=\"g-cols vc_row via_grid cols_1 laptops-cols_inherit tablets-cols_inherit mobiles-cols_1 valign_top type_default stacking_default\"><div class=\"wpb_column vc_column_container stretched\"><div class=\"vc_column-inner\"><div class=\"w-image us_custom_9cf479d2 align_center\"><div url class=\"w-image-h\"><img loading=\"lazy\" decoding=\"async\" width=\"2560\" height=\"1703\" src=\"https:\/\/condescending-swirles.202-61-201-70.plesk.page\/wp-content\/uploads\/2023\/08\/prime-t-bone-beef-meat-steak-raw-porterhouse-stea-2022-02-04-18-20-47-utc-scaled.jpg\" class=\"attachment-full size-full\" alt=\"\" srcset=\"https:\/\/condescending-swirles.202-61-201-70.plesk.page\/wp-content\/uploads\/2023\/08\/prime-t-bone-beef-meat-steak-raw-porterhouse-stea-2022-02-04-18-20-47-utc-scaled.jpg 2560w, https:\/\/condescending-swirles.202-61-201-70.plesk.page\/wp-content\/uploads\/2023\/08\/prime-t-bone-beef-meat-steak-raw-porterhouse-stea-2022-02-04-18-20-47-utc-300x200.jpg 300w, https:\/\/condescending-swirles.202-61-201-70.plesk.page\/wp-content\/uploads\/2023\/08\/prime-t-bone-beef-meat-steak-raw-porterhouse-stea-2022-02-04-18-20-47-utc-1024x681.jpg 1024w\" sizes=\"auto, (max-width: 2560px) 100vw, 2560px\" \/><\/div><\/div><\/div><\/div><\/div><\/div><\/section>\n","protected":false},"excerpt":{"rendered":"WizjaNasza wsp\u00f3lna wizja Nasza odpowiedzialno\u015b\u0107 wykracza poza nasz\u0105 firm\u0119. Wsp\u00f3lnie z naszymi klientami, producentami i spo\u0142ecze\u0144stwem ponosimy odpowiedzialno\u015b\u0107 za kszta\u0142towanie zr\u00f3wnowa\u017conego i etycznego przemys\u0142u mi\u0119snego. Nasz\u0105 wsp\u00f3ln\u0105 wizj\u0119 charakteryzuje zaufanie, jako\u015b\u0107 i d\u0105\u017cenie do post\u0119pu. Razem jeste\u015bmy odpowiedzialni za doskona\u0142e produkty, etyczne praktyki i obiecuj\u0105c\u0105 przysz\u0142o\u015b\u0107. W Dewit odpowiedzialno\u015b\u0107 nie jest tylko obietnic\u0105, ale motorem,...","protected":false},"author":1,"featured_media":0,"parent":0,"menu_order":0,"comment_status":"closed","ping_status":"closed","template":"","meta":{"footnotes":""},"class_list":["post-725","page","type-page","status-publish","hentry"],"_links":{"self":[{"href":"https:\/\/condescending-swirles.202-61-201-70.plesk.page\/pl\/wp-json\/wp\/v2\/pages\/725","targetHints":{"allow":["GET"]}}],"collection":[{"href":"https:\/\/condescending-swirles.202-61-201-70.plesk.page\/pl\/wp-json\/wp\/v2\/pages"}],"about":[{"href":"https:\/\/condescending-swirles.202-61-201-70.plesk.page\/pl\/wp-json\/wp\/v2\/types\/page"}],"author":[{"embeddable":true,"href":"https:\/\/condescending-swirles.202-61-201-70.plesk.page\/pl\/wp-json\/wp\/v2\/users\/1"}],"replies":[{"embeddable":true,"href":"https:\/\/condescending-swirles.202-61-201-70.plesk.page\/pl\/wp-json\/wp\/v2\/comments?post=725"}],"version-history":[{"count":2,"href":"https:\/\/condescending-swirles.202-61-201-70.plesk.page\/pl\/wp-json\/wp\/v2\/pages\/725\/revisions"}],"predecessor-version":[{"id":727,"href":"https:\/\/condescending-swirles.202-61-201-70.plesk.page\/pl\/wp-json\/wp\/v2\/pages\/725\/revisions\/727"}],"wp:attachment":[{"href":"https:\/\/condescending-swirles.202-61-201-70.plesk.page\/pl\/wp-json\/wp\/v2\/media?parent=725"}],"curies":[{"name":"wp","href":"https:\/\/api.w.org\/{rel}","templated":true}]}}